{"id":106,"date":"2023-07-28T11:35:26","date_gmt":"2023-07-28T09:35:26","guid":{"rendered":"https:\/\/ambsansalvador.esteri.it\/servizi-per-il-cittadino-straniero\/"},"modified":"2023-08-03T16:57:24","modified_gmt":"2023-08-03T14:57:24","slug":"servizi-per-il-cittadino-straniero","status":"publish","type":"page","link":"https:\/\/ambsansalvador.esteri.it\/es\/servizi-consolari-e-visti\/servizi-per-il-cittadino-straniero\/","title":{"rendered":"Servicios para el ciudadano extranjero"},"content":{"rendered":"<p>Las Embajadas y Consulados tambi\u00e9n prestan servicios a los ciudadanos extranjeros. Entre ellos figuran la expedici\u00f3n de visados de entrada en Italia y en el espacio Schengen, la expedici\u00f3n de documentaci\u00f3n administrativa como la legalizaci\u00f3n de documentos, las certificaciones de existencia y la conformidad de traducciones de documentos. Adem\u00e1s, en los casos previstos por la legislaci\u00f3n vigente, las Embajadas y Consulados se ocupan de la transmisi\u00f3n de actos y documentos a las autoridades italianas.<\/p>\n","protected":false},"excerpt":{"rendered":"Las Embajadas y Consulados tambi\u00e9n prestan servicios a los ciudadanos extranjeros. Entre ellos figuran la expedici\u00f3n de visados de entrada en Italia y en el espacio Schengen, la expedici\u00f3n de documentaci\u00f3n administrativa como la legalizaci\u00f3n de documentos, las certificaciones de existencia y la conformidad de traducciones de documentos. Adem\u00e1s, en los casos previstos por la [&hellip;]","protected":false},"author":1,"featured_media":0,"parent":138,"menu_order":2,"comment_status":"closed","ping_status":"closed","template":"","meta":{"footnotes":""},"class_list":["post-106","page","type-page","status-publish","hentry"],"_links":{"self":[{"href":"https:\/\/ambsansalvador.esteri.it\/es\/wp-json\/wp\/v2\/pages\/106","targetHints":{"allow":["GET"]}}],"collection":[{"href":"https:\/\/ambsansalvador.esteri.it\/es\/wp-json\/wp\/v2\/pages"}],"about":[{"href":"https:\/\/ambsansalvador.esteri.it\/es\/wp-json\/wp\/v2\/types\/page"}],"author":[{"embeddable":true,"href":"https:\/\/ambsansalvador.esteri.it\/es\/wp-json\/wp\/v2\/users\/1"}],"replies":[{"embeddable":true,"href":"https:\/\/ambsansalvador.esteri.it\/es\/wp-json\/wp\/v2\/comments?post=106"}],"version-history":[{"count":2,"href":"https:\/\/ambsansalvador.esteri.it\/es\/wp-json\/wp\/v2\/pages\/106\/revisions"}],"predecessor-version":[{"id":401,"href":"https:\/\/ambsansalvador.esteri.it\/es\/wp-json\/wp\/v2\/pages\/106\/revisions\/401"}],"up":[{"embeddable":true,"href":"https:\/\/ambsansalvador.esteri.it\/es\/wp-json\/wp\/v2\/pages\/138"}],"wp:attachment":[{"href":"https:\/\/ambsansalvador.esteri.it\/es\/wp-json\/wp\/v2\/media?parent=106"}],"curies":[{"name":"wp","href":"https:\/\/api.w.org\/{rel}","templated":true}]}}