{"id":109,"date":"2023-07-28T11:33:09","date_gmt":"2023-07-28T17:33:09","guid":{"rendered":"https:\/\/ambsansalvador.esteri.it\/codice-fiscale\/"},"modified":"2026-02-11T15:40:12","modified_gmt":"2026-02-11T21:40:12","slug":"codice-fiscale","status":"publish","type":"page","link":"https:\/\/ambsansalvador.esteri.it\/es\/servizi-consolari-e-visti\/servizi-per-il-cittadino-italiano\/codice-fiscale\/","title":{"rendered":"C\u00f3digo de identificaci\u00f3n fiscal"},"content":{"rendered":"<p><strong>C\u00f3digo Fiscal<\/strong><\/p>\n<p><strong>\u00bfQu\u00e9 es?<\/strong><\/p>\n<p>El C\u00f3digo Fiscal es el c\u00f3digo alfanum\u00e9rico emitido por la Agencia de Ingresos (Agenzia delle Entrate) para identificar al ciudadano (italiano o extranjero) en sus relaciones con las administraciones p\u00fablicas, particulares y entidades italianas.<\/p>\n<p>Para las personas naturales, el C\u00f3digo Fiscal se determina con base en los datos personales registrados.<\/p>\n<p>Cualquier tr\u00e1mite administrativo (pago de tasas, impuestos, contribuciones, etc.) o actividad contractual (aceptaci\u00f3n de herencias, contratos con entidades p\u00fablicas o privadas, solicitud de financiamiento, patrocinio, arrendamiento o pr\u00e9stamo de bienes inmuebles, etc.) requiere la indicaci\u00f3n del C\u00f3digo Fiscal de la persona que lo realiza.<\/p>\n<p><strong>\u00bfPara qu\u00e9 sirve?<\/strong><\/p>\n<p>Cualquier tr\u00e1mite administrativo (pago de tasas, impuestos, contribuciones, etc.) o actividad contractual (aceptaci\u00f3n de herencias, contratos con entidades p\u00fablicas o privadas, solicitud de financiamiento, patrocinio, arrendamiento o pr\u00e9stamo de bienes inmuebles, etc.) requiere la indicaci\u00f3n del C\u00f3digo Fiscal de la persona que lo realiza.<\/p>\n<p><strong>\u00bfC\u00f3mo presentar la solicitud?<\/strong><\/p>\n<p>Los ciudadanos italianos residentes en el extranjero pueden solicitar el C\u00f3digo Fiscal por medio de la Oficina Consular, adem\u00e1s de hacerlo directamente en las oficinas de la Agencia de Ingresos ubicadas en el territorio italiano, conforme al art. 1 del Decreto Ministerial de aplicaci\u00f3n del 17 de mayo de 2001, n.\u00b0 281, considerando la amplia red y distribuci\u00f3n de oficinas de la Agencia de Ingresos en Italia.<\/p>\n<p>Los ciudadanos extranjeros no residentes en Italia pueden delegar expresamente a una persona para presentar el formulario de solicitud del C\u00f3digo Fiscal directamente ante las oficinas de la Agencia de Ingresos ubicadas en el territorio italiano.<\/p>\n<p><strong>CIUDADANOS ITALIANOS RESIDENTES EN EL EXTRANJERO INSCRITOS EN AIRE<\/strong><\/p>\n<p>Los ciudadanos italianos mayores de edad inscritos en el AIRE pueden solicitar el C\u00f3digo Fiscal, para s\u00ed mismos y para sus hijos menores de edad, a trav\u00e9s del portal telem\u00e1tico Fast It, accediendo al servicio correspondiente y siguiendo las instrucciones.<\/p>\n<p>Siempre a trav\u00e9s del portal Fast It ser\u00e1 posible descargar el certificado de asignaci\u00f3n del C\u00f3digo Fiscal una vez finalizado el tr\u00e1mite.<\/p>\n<p>\u00bfC\u00f3mo?<\/p>\n<ul>\n<li>Ingresar al Portal Fast It;<\/li>\n<li>Hacer clic en \u201cRegistro Consular y AIRE\u201d y luego en \u201cAsignaci\u00f3n de C\u00f3digo Fiscal\u201d;<\/li>\n<li>Confirmar los datos e iniciar la solicitud;<\/li>\n<li>Una vez procesada la solicitud por el Consulado, podr\u00e1 descargar de manera aut\u00f3noma el certificado de asignaci\u00f3n del C\u00f3digo Fiscal.<\/li>\n<\/ul>\n<p>Si no logra descargar el certificado:<\/p>\n<ul>\n<li>Reg\u00edstrese en el portal FAST IT o inicie sesi\u00f3n si ya tiene una cuenta activa;<\/li>\n<li>Solicite la \u201cAsociaci\u00f3n en l\u00ednea\u201d haciendo clic en \u201cRegistro Consular y AIRE\u201d y luego en \u201cConsultar su ficha personal\u201d;<\/li>\n<li>Recibir\u00e1 en su correo electr\u00f3nico un mensaje confirmando la asociaci\u00f3n;<\/li>\n<li>Ingrese nuevamente al portal y descargue el certificado.<\/li>\n<\/ul>\n<p>Los ciudadanos mayores de edad inscritos en el AIRE que ya poseen C\u00f3digo Fiscal pueden descargar directamente el certificado de asignaci\u00f3n a trav\u00e9s del portal Fast It, sin necesidad de intervenci\u00f3n del Consulado.<\/p>\n<p>Quienes deseen recibir tambi\u00e9n la tarjeta f\u00edsica del C\u00f3digo Fiscal deber\u00e1n solicitarla presentando el formulario correspondiente junto con copia de un documento de identidad.<\/p>\n<p>En caso de p\u00e9rdida o destrucci\u00f3n del certificado en papel o de la tarjeta plastificada, se podr\u00e1 solicitar un duplicado siguiendo el mismo procedimiento de asignaci\u00f3n.<\/p>\n<p>Para mayor informaci\u00f3n, se recomienda visitar el sitio web de la Oficina Consular competente.<\/p>\n<p><strong>CIUDADANOS EXTRANJEROS NO RESIDENTES EN ITALIA<\/strong><\/p>\n<p>Los ciudadanos extranjeros pueden solicitar el C\u00f3digo Fiscal mediante las siguientes modalidades:<\/p>\n<p>A trav\u00e9s de la Oficina Consular italiana competente seg\u00fan su lugar de residencia<\/p>\n<p>La solicitud deber\u00e1 presentarse completando el formulario correspondiente, adjuntando copia de un documento de identidad e indicando el motivo de la solicitud.<\/p>\n<p>Para mayor informaci\u00f3n, se recomienda visitar el sitio web de la Oficina Consular competente.<\/p>\n<p>Mediante poder especial<\/p>\n<p>Se puede otorgar poder especial a una persona para que presente el formulario de solicitud del C\u00f3digo Fiscal directamente ante las oficinas de la Agencia de Ingresos en Italia, conforme al art. 1 del Decreto Ministerial del 17 de mayo de 2001, n.\u00b0 281.<\/p>\n<p>Las direcciones de las oficinas de la Agencia de Ingresos est\u00e1n disponibles en el sitio web: www.agenziaentrate.it<\/p>\n<p>Para la legalizaci\u00f3n de documentos extranjeros: Ministerio de Asuntos Exteriores y Cooperaci\u00f3n Internacional.<\/p>\n<p>Directamente en Italia<\/p>\n<p>Una vez ingresado al pa\u00eds, el solicitante puede acudir directamente a las oficinas de la Agencia de Ingresos.<\/p>\n<p>Para m\u00e1s informaci\u00f3n, se recomienda consultar la \u201cMini Gu\u00eda del C\u00f3digo Fiscal para extranjeros\u201d disponible en varios idiomas en el sitio web de la Agencia de Ingresos.<\/p>\n<p><strong>En particular:<\/strong><\/p>\n<p>Ciudadanos de pa\u00edses de la Uni\u00f3n Europea<\/p>\n<p>Los ciudadanos de pa\u00edses de la UE que deseen residir en Italia pueden solicitar el C\u00f3digo Fiscal presentando el formulario AA4\/8 en una oficina territorial de la Agencia de Ingresos.<\/p>\n<p>La solicitud debe estar debidamente justificada y acompa\u00f1ada de un documento vigente (pasaporte o documento de identidad v\u00e1lido para viajar).<\/p>\n<p>Ciudadanos de pa\u00edses no pertenecientes a la UE<\/p>\n<p>A los ciudadanos de pa\u00edses no pertenecientes a la UE que deseen residir en Italia, el C\u00f3digo Fiscal les ser\u00e1 asignado:<\/p>\n<ul>\n<li>Por la Ventanilla \u00danica de Inmigraci\u00f3n, presente en cada Prefectura, competente para emitir la autorizaci\u00f3n de ingreso a ciudadanos extranjeros que soliciten permiso de residencia por trabajo dependiente o reunificaci\u00f3n familiar;<\/li>\n<li>Por la Jefatura de Polic\u00eda (Questura), para quienes soliciten otros tipos de permiso de residencia.<\/li>\n<\/ul>\n<p><strong>Motivos de estudio<\/strong><\/p>\n<p>El ciudadano extranjero que llegue a Italia por motivos de estudio y permanezca menos de 90 d\u00edas podr\u00e1 solicitar el C\u00f3digo Fiscal en cualquier oficina de la Agencia de Ingresos.<\/p>\n<p>El ciudadano extranjero que llegue por motivos de estudio y permanezca m\u00e1s de 90 d\u00edas deber\u00e1 solicitar previamente el permiso de residencia ante la Questura y, en ese proceso, se le asignar\u00e1 el C\u00f3digo Fiscal.<\/p>\n<p>&nbsp;<\/p>\n","protected":false},"excerpt":{"rendered":"C\u00f3digo Fiscal \u00bfQu\u00e9 es? El C\u00f3digo Fiscal es el c\u00f3digo alfanum\u00e9rico emitido por la Agencia de Ingresos (Agenzia delle Entrate) para identificar al ciudadano (italiano o extranjero) en sus relaciones con las administraciones p\u00fablicas, particulares y entidades italianas. Para las personas naturales, el C\u00f3digo Fiscal se determina con base en los datos personales registrados. Cualquier [&hellip;]","protected":false},"author":1,"featured_media":0,"parent":119,"menu_order":18,"comment_status":"closed","ping_status":"closed","template":"","meta":{"footnotes":""},"class_list":["post-109","page","type-page","status-publish","hentry"],"_links":{"self":[{"href":"https:\/\/ambsansalvador.esteri.it\/es\/wp-json\/wp\/v2\/pages\/109","targetHints":{"allow":["GET"]}}],"collection":[{"href":"https:\/\/ambsansalvador.esteri.it\/es\/wp-json\/wp\/v2\/pages"}],"about":[{"href":"https:\/\/ambsansalvador.esteri.it\/es\/wp-json\/wp\/v2\/types\/page"}],"author":[{"embeddable":true,"href":"https:\/\/ambsansalvador.esteri.it\/es\/wp-json\/wp\/v2\/users\/1"}],"replies":[{"embeddable":true,"href":"https:\/\/ambsansalvador.esteri.it\/es\/wp-json\/wp\/v2\/comments?post=109"}],"version-history":[{"count":7,"href":"https:\/\/ambsansalvador.esteri.it\/es\/wp-json\/wp\/v2\/pages\/109\/revisions"}],"predecessor-version":[{"id":3164,"href":"https:\/\/ambsansalvador.esteri.it\/es\/wp-json\/wp\/v2\/pages\/109\/revisions\/3164"}],"up":[{"embeddable":true,"href":"https:\/\/ambsansalvador.esteri.it\/es\/wp-json\/wp\/v2\/pages\/119"}],"wp:attachment":[{"href":"https:\/\/ambsansalvador.esteri.it\/es\/wp-json\/wp\/v2\/media?parent=109"}],"curies":[{"name":"wp","href":"https:\/\/api.w.org\/{rel}","templated":true}]}}