{"id":110,"date":"2023-07-28T11:32:27","date_gmt":"2023-07-28T17:32:27","guid":{"rendered":"https:\/\/ambsansalvador.esteri.it\/autoveicoli-e-patenti-di-guida\/"},"modified":"2024-10-03T09:43:37","modified_gmt":"2024-10-03T15:43:37","slug":"autoveicoli-e-patenti-di-guida","status":"publish","type":"page","link":"https:\/\/ambsansalvador.esteri.it\/es\/servizi-consolari-e-visti\/servizi-per-il-cittadino-italiano\/autoveicoli-e-patenti-di-guida\/","title":{"rendered":"Veh\u00edculos y permisos de conducir"},"content":{"rendered":"<p>La renovaci\u00f3n del permiso de conducir italiano (permiso B) puede ser solicitada por ciudadanos italianos residentes en El Salvador y debidamente inscritos en AIRE, o por ciudadanos inscritos en el registro consular con el tr\u00e1mite de inscripci\u00f3n en AIRE en curso.<\/p>\n<p>Para ser renovado en la Embajada, el permiso de conducir no debe haber caducado hace m\u00e1s de 5 a\u00f1os, seg\u00fan la normativa vigente.<\/p>\n<p>El interesado deber\u00e1 presentarse en la Embajada en la Oficina Consular (en horario de atenci\u00f3n al p\u00fablico, es necesario concertar cita previa a trav\u00e9s del correo electr\u00f3nico: consolare.sansalvador@esteri.it) con la siguiente documentaci\u00f3n<\/p>\n<p>&#8211; documento de identificaci\u00f3n en vigor (pasaporte o carn\u00e9 de identidad)<br \/>\n&#8211; permiso de conducir en original y fotocopia<br \/>\n&#8211; certificado m\u00e9dico expedido por un m\u00e9dico de confianza de esta Embajada;<br \/>\n&#8211; tasas consulares (consulte la <a href=\"https:\/\/ambsansalvador.esteri.it\/wp-content\/uploads\/2024\/10\/TABELLA-DIRITTI-CONSOLARI-4-TRIMESTRE-2024.pdf\">Tabla de Tarifas Consulares<\/a> ).<\/p>\n<p>El certificado m\u00e9dico corre a cargo del solicitante y su coste debe abonarse directamente al m\u00e9dico.<\/p>\n<p>En caso de cancelaci\u00f3n en AIRE debido al regreso a Italia, las licencias renovadas por la Embajada deber\u00e1n ser confirmadas en la Motorizzazione Civile competente, seg\u00fan lo dispuesto por el art\u00edculo 126 del C\u00f3digo de la Circulaci\u00f3n.<\/p>\n<p>SITIOS DE REFERENCIA \u00daTILES<br \/>\n&#8211; www.aci.it &#8211; Autom\u00f3vil Club de Italia<br \/>\n&#8211; www.poliziadistato.it &#8211; Polic\u00eda de Estado<br \/>\n&#8211; www.infrastrutturetrasporti.it &#8211; Ministerio de Infraestructuras y Transportes<br \/>\n&#8211; www.italia.gov.it &#8211; Portal Nacional del Ciudadano<br \/>\n&#8211; www.viaggiaresicuri.mae.aci.it &#8211; Avisos para viajeros que se desplazan al extranjero facilitados por el Ministerio de Asuntos Exteriores y la ACI<\/p>\n","protected":false},"excerpt":{"rendered":"La renovaci\u00f3n del permiso de conducir italiano (permiso B) puede ser solicitada por ciudadanos italianos residentes en El Salvador y debidamente inscritos en AIRE, o por ciudadanos inscritos en el registro consular con el tr\u00e1mite de inscripci\u00f3n en AIRE en curso. Para ser renovado en la Embajada, el permiso de conducir no debe haber caducado [&hellip;]","protected":false},"author":1,"featured_media":0,"parent":119,"menu_order":16,"comment_status":"closed","ping_status":"closed","template":"","meta":{"footnotes":""},"class_list":["post-110","page","type-page","status-publish","hentry"],"_links":{"self":[{"href":"https:\/\/ambsansalvador.esteri.it\/es\/wp-json\/wp\/v2\/pages\/110","targetHints":{"allow":["GET"]}}],"collection":[{"href":"https:\/\/ambsansalvador.esteri.it\/es\/wp-json\/wp\/v2\/pages"}],"about":[{"href":"https:\/\/ambsansalvador.esteri.it\/es\/wp-json\/wp\/v2\/types\/page"}],"author":[{"embeddable":true,"href":"https:\/\/ambsansalvador.esteri.it\/es\/wp-json\/wp\/v2\/users\/1"}],"replies":[{"embeddable":true,"href":"https:\/\/ambsansalvador.esteri.it\/es\/wp-json\/wp\/v2\/comments?post=110"}],"version-history":[{"count":5,"href":"https:\/\/ambsansalvador.esteri.it\/es\/wp-json\/wp\/v2\/pages\/110\/revisions"}],"predecessor-version":[{"id":1777,"href":"https:\/\/ambsansalvador.esteri.it\/es\/wp-json\/wp\/v2\/pages\/110\/revisions\/1777"}],"up":[{"embeddable":true,"href":"https:\/\/ambsansalvador.esteri.it\/es\/wp-json\/wp\/v2\/pages\/119"}],"wp:attachment":[{"href":"https:\/\/ambsansalvador.esteri.it\/es\/wp-json\/wp\/v2\/media?parent=110"}],"curies":[{"name":"wp","href":"https:\/\/api.w.org\/{rel}","templated":true}]}}