{"id":115,"date":"2023-07-28T11:30:12","date_gmt":"2023-07-28T09:30:12","guid":{"rendered":"https:\/\/ambsansalvador.esteri.it\/assistenza-ai-cittadini-allestero\/"},"modified":"2023-08-07T18:14:48","modified_gmt":"2023-08-07T16:14:48","slug":"assistenza-ai-cittadini-allestero","status":"publish","type":"page","link":"https:\/\/ambsansalvador.esteri.it\/es\/servizi-consolari-e-visti\/servizi-per-il-cittadino-italiano\/assistenza-ai-cittadini-allestero\/","title":{"rendered":"Asistencia a ciudadanos en el extranjero"},"content":{"rendered":"<p>El servicio de asistencia social est\u00e1 destinado a los ciudadanos italianos en situaci\u00f3n de indigencia. Los ciudadanos italianos pueden recibir ayuda econ\u00f3mica o de otro tipo del Consulado para superar una dificultad moment\u00e1nea.<\/p>\n<p><strong>ASISTENCIA SANITARIA<\/strong><\/p>\n<p>A trav\u00e9s de los Convenios estipulados por los Consulados con hospitales y otras instituciones, los ciudadanos italianos indigentes residentes en el distrito pueden beneficiarse de tratamientos ambulatorios, hospitalizaci\u00f3n y asistencia farmac\u00e9utica.<\/p>\n<p>Se podr\u00e1n estipular convenios ad hoc con instituciones que puedan ocuparse de compatriotas ancianos e indigentes que, no siendo autosuficientes, necesiten asistencia continua de enfermer\u00eda y psicol\u00f3gica.<\/p>\n<p><a href=\"https:\/\/www.salute.gov.it\/portale\/assistenzaSanitaria\/dettaglioContenutiAssistenzaSanitaria.jsp?id=958&amp;area=Assistenza%20sanitaria&amp;menu=italiani\">Cittadini italiani residenti all\u2019estero (salute.gov.it)<\/a><\/p>\n<p><strong>AYUDA ECON\u00d3MICA<\/strong><\/p>\n<p>El Consulado podr\u00e1 conceder un subsidio a un ciudadano italiano con residencia permanente en la circunscripci\u00f3n consular que se encuentre en una situaci\u00f3n de necesidad excepcional comprobada, como por ejemplo, retraso en la llegada de un cheque de asistencia gubernamental, discapacidad, condiciones m\u00e9dicas particulares que impliquen gastos m\u00e9dicos, diet\u00e9ticos o farmac\u00e9uticos especiales no cubiertos por la asistencia local, etc. El compatriota indigente deber\u00e1 probar, en su caso, su condici\u00f3n de necesidad excepcional mediante la presentaci\u00f3n de la documentaci\u00f3n que se le solicite. Las subvenciones no podr\u00e1n superar el l\u00edmite m\u00e1ximo fijado por las disposiciones ministeriales.<br \/>\nEste tipo de ayuda tambi\u00e9n incluye la expedici\u00f3n o renovaci\u00f3n gratuitas de pasaportes italianos a ciudadanos con dificultades econ\u00f3micas.<\/p>\n<p>Un ciudadano italiano en tr\u00e1nsito al que le hayan robado dinero u otros documentos tambi\u00e9n puede solicitar un pr\u00e9stamo con promesa de reembolso al Estado italiano. La concesi\u00f3n del pr\u00e9stamo est\u00e1 sujeta a la evaluaci\u00f3n del Consulado.<\/p>\n<p><strong>REPATRIACI\u00d3N Y REPATRIACI\u00d3N M\u00c9DICA<\/strong><br \/>\nUn sector particularmente delicado de la asistencia a los ciudadanos italianos en el extranjero se refiere a la repatriaci\u00f3n de compatriotas que se encuentran en pa\u00edses extranjeros en situaciones de graves dificultades, que no pueden superarse localmente. Las intervenciones de la Farnesina, en colaboraci\u00f3n con los organismos territorialmente competentes (Prefecturas, Jefaturas de Polic\u00eda, Municipios, Unidades Sanitarias Locales, Servicios Sociales), se refieren a<\/p>\n<p>&#8211; compatriotas emigrantes, que se ven en la necesidad de regresar a Italia de forma definitiva por motivos econ\u00f3micos o de salud;<\/p>\n<p>&#8211; menores en estado de abandono<\/p>\n<p>&#8211; enfermos mentales (el procedimiento en este caso es muy complejo, ya que requiere la presencia de uno o varios acompa\u00f1antes cualificados, as\u00ed como la b\u00fasqueda de hospitales especializados)<\/p>\n<p>&#8211; ciudadanos italianos al final de su detenci\u00f3n o expulsados<\/p>\n<p>&#8211; personas mayores solas para las que se requiera su ingreso en residencias de ancianos en Italia<\/p>\n<p>&#8211; personas gravemente enfermas que no pueden ser tratadas localmente por falta de instalaciones adecuadas.<\/p>\n<p>La repatriaci\u00f3n a cargo del Tesoro se limita a los casos de indigencia probada y verificada por la red diplom\u00e1tico-consular; en todos los dem\u00e1s casos, la repatriaci\u00f3n tiene lugar tras la suscripci\u00f3n de pr\u00e9stamos con promesa de reembolso al Tesoro.<\/p>\n<p><strong>REPATRIACI\u00d3N DE RESTOS MORTALES<\/strong><\/p>\n<p>Las Representaciones diplom\u00e1tico-consulares prestan asistencia en los casos de repatriaci\u00f3n de los restos mortales de ciudadanos italianos fallecidos en el extranjero.<\/p>\n<p>En este contexto, prev\u00e9n la solicitud de autorizaci\u00f3n al municipio italiano para la inhumaci\u00f3n del cad\u00e1ver o de las cenizas (Nulla Osta), si el fallecimiento se ha producido en uno de los pa\u00edses que no han ratificado el Convenio de Berl\u00edn de 1937, y la expedici\u00f3n del Pasaporte Mortuorio.<\/p>\n<p>Los Estados que han ratificado el Convenio de Berl\u00edn relativo al transporte de restos mortales son: Alemania, Austria, B\u00e9lgica, Egipto, Eslovaquia, Francia, Italia, M\u00e9xico, Portugal, Rep\u00fablica Checa, Rep\u00fablica Democr\u00e1tica del Congo, Ruman\u00eda, Suiza y Turqu\u00eda.<\/p>\n<p>En primer lugar, los familiares, o la persona designada por ellos, deben ponerse en contacto con una funeraria local, que llevar\u00e1 a cabo el procedimiento correcto para el traslado del cuerpo o las cenizas a Italia.<\/p>\n<p>Tenga en cuenta que todos los gastos relacionados con la repatriaci\u00f3n del cuerpo\/las cenizas son responsabilidad exclusiva de los familiares. La agencia designada deber\u00e1 facilitar a esta Embajada la siguiente documentaci\u00f3n y realizar los tr\u00e1mites correctos para que se pueda emitir el documento necesario (Pasaporte Mortuorio) para el traslado de las cenizas\/restos mortales a Italia y proceder al sellado de la urna\/f\u00e9retro<\/p>\n<p>&#8211; certificado de defunci\u00f3n, apostillado y traducido al italiano por un Traductor de referencia de esta Embajada;<\/p>\n<p>&#8211; certificado que acredite que se han cumplido los requisitos sanitarios del Convenio de Berl\u00edn de 1937 si el fallecimiento se ha producido en un Estado que no es parte de dicho Convenio (v\u00e9ase m\u00e1s arriba); el certificado no es necesario en caso de repatriaci\u00f3n de las cenizas<\/p>\n<p>&#8211; certificado que acredite que el fallecimiento se produjo en una zona libre de enfermedades infecciosas y de car\u00e1cter end\u00e9mico; el certificado no es necesario en caso de repatriaci\u00f3n de las cenizas;<\/p>\n<p>&#8211; en caso de cremaci\u00f3n, el certificado correspondiente;<\/p>\n<p>&#8211; Pasaporte original (que ser\u00e1 cancelado por la Embajada) del fallecido y copia en color que se adjuntar\u00e1 al Pasaporte Mortuorio.<\/p>\n<p><strong>OTROS SERVICIOS DE ASISTENCIA CONSULAR<\/strong><br \/>\nB\u00daSQUEDA DE COMPATRIOTAS EN EL EXTRANJERO<br \/>\nSobre la base de la Ley 675\/96 relativa a la confidencialidad de los datos personales, ning\u00fan organismo p\u00fablico puede difundir informaci\u00f3n sobre personas a ciudadanos particulares sin el consentimiento de los interesados.<\/p>\n<p>Por ello, una vez identificada la persona buscada, el Ministerio de Asuntos Exteriores pide el consentimiento del interesado para informar a la persona que hace la solicitud.<\/p>\n<p>En algunos pa\u00edses, como Estados Unidos de Am\u00e9rica, la legislaci\u00f3n local sobre privacidad no permite la divulgaci\u00f3n de informaci\u00f3n sobre personas que se encuentren en su territorio. Por lo tanto, es necesario determinar la legislaci\u00f3n aplicable en cada caso.<\/p>\n<p>Dentro de estos l\u00edmites legales, una b\u00fasqueda puede iniciarse de una de las siguientes maneras<\/p>\n<p>&#8211; enviando un fax a la Oficina IV de la Direcci\u00f3n General para los Italianos en el Extranjero al n\u00famero 06 36 91 86 09\/06 36 91 86 28;<\/p>\n<p>&#8211; enviando un fax al Consulado competente<\/p>\n<p>&#8211; llamando por tel\u00e9fono al 06 36 91 29 30 de 9.30 a 16.00 horas especificando sus datos, los de la persona que busca y el motivo por el que desea localizarla.<\/p>\n","protected":false},"excerpt":{"rendered":"El servicio de asistencia social est\u00e1 destinado a los ciudadanos italianos en situaci\u00f3n de indigencia. Los ciudadanos italianos pueden recibir ayuda econ\u00f3mica o de otro tipo del Consulado para superar una dificultad moment\u00e1nea. ASISTENCIA SANITARIA A trav\u00e9s de los Convenios estipulados por los Consulados con hospitales y otras instituciones, los ciudadanos italianos indigentes residentes en [&hellip;]","protected":false},"author":1,"featured_media":0,"parent":119,"menu_order":6,"comment_status":"closed","ping_status":"closed","template":"","meta":{"footnotes":""},"class_list":["post-115","page","type-page","status-publish","hentry"],"_links":{"self":[{"href":"https:\/\/ambsansalvador.esteri.it\/es\/wp-json\/wp\/v2\/pages\/115","targetHints":{"allow":["GET"]}}],"collection":[{"href":"https:\/\/ambsansalvador.esteri.it\/es\/wp-json\/wp\/v2\/pages"}],"about":[{"href":"https:\/\/ambsansalvador.esteri.it\/es\/wp-json\/wp\/v2\/types\/page"}],"author":[{"embeddable":true,"href":"https:\/\/ambsansalvador.esteri.it\/es\/wp-json\/wp\/v2\/users\/1"}],"replies":[{"embeddable":true,"href":"https:\/\/ambsansalvador.esteri.it\/es\/wp-json\/wp\/v2\/comments?post=115"}],"version-history":[{"count":5,"href":"https:\/\/ambsansalvador.esteri.it\/es\/wp-json\/wp\/v2\/pages\/115\/revisions"}],"predecessor-version":[{"id":510,"href":"https:\/\/ambsansalvador.esteri.it\/es\/wp-json\/wp\/v2\/pages\/115\/revisions\/510"}],"up":[{"embeddable":true,"href":"https:\/\/ambsansalvador.esteri.it\/es\/wp-json\/wp\/v2\/pages\/119"}],"wp:attachment":[{"href":"https:\/\/ambsansalvador.esteri.it\/es\/wp-json\/wp\/v2\/media?parent=115"}],"curies":[{"name":"wp","href":"https:\/\/api.w.org\/{rel}","templated":true}]}}