{"id":118,"date":"2023-07-28T11:29:23","date_gmt":"2023-07-28T17:29:23","guid":{"rendered":"https:\/\/ambsansalvador.esteri.it\/passaporti-e-carte-didentita\/"},"modified":"2026-04-29T14:07:51","modified_gmt":"2026-04-29T20:07:51","slug":"passaporti-e-carte-didentita","status":"publish","type":"page","link":"https:\/\/ambsansalvador.esteri.it\/es\/servizi-consolari-e-visti\/servizi-per-il-cittadino-italiano\/passaporti-e-carte-didentita\/","title":{"rendered":"Pasaportes y c\u00e9dulas de identidad"},"content":{"rendered":"<p style=\"text-align: justify;\"><strong>Informaci\u00f3n general<\/strong><\/p>\n<p style=\"text-align: justify;\">El pasaporte es un documento de viaje e identificaci\u00f3n que s\u00f3lo puede expedirse a quienes ya son ciudadanos italianos.<\/p>\n<p style=\"text-align: justify;\">En Italia su expedici\u00f3n es competencia de la Questura (Jefatura de Polic\u00eda). En el extranjero es competencia de la Autoridad Consular.<\/p>\n<p style=\"text-align: justify;\">Para los nacionales residentes en El Salvador, la \u00fanica oficina autorizada a expedir pasaportes es la Canciller\u00eda Consular de la Embajada de Italia en San Salvador.<\/p>\n<p style=\"text-align: justify;\">Desde abril de 2010, la Canciller\u00eda Consular expide el nuevo pasaporte electr\u00f3nico \u00abfase dos\u00bb con huellas dactilares y libreta de 48 p\u00e1ginas. Se trata de un documento de est\u00e1ndar europeo, con una duraci\u00f3n de diez a\u00f1os y un alto nivel de garant\u00eda contra la falsificaci\u00f3n y el uso ilegal.<\/p>\n<p style=\"text-align: justify;\">El coste del pasaporte es de\u00a0\u20ac 116, (el valor var\u00eda trimestralmente seg\u00fan el tipo de cambio euro\/d\u00f3lar). El pago debe realizarse con tarjeta de d\u00e9bito en ventanilla (con un recargo de 1,50 d\u00f3lares) o en efectivo en la agencia del Banco Cuscatl\u00e1n m\u00e1s cercana, previa presentaci\u00f3n del billete en la agencia.<\/p>\n<p style=\"text-align: justify;\">La toma de huellas dactilares requiere la presencia f\u00edsica del interesado en la Oficina de Registro Consular de la Embajada de Italia en San Salvador.<br \/>\nYa no es posible renovar el pasaporte. En caso de caducidad, agotamiento de las p\u00e1ginas disponibles para estampar visados y sellos, o en caso de robo o p\u00e9rdida, es necesario solicitar la expedici\u00f3n de un nuevo pasaporte, siempre v\u00e1lido durante diez a\u00f1os.<br \/>\nTodos los pasaportes ya expedidos en el pasado conservan su validez hasta su caducidad.<\/p>\n<p style=\"text-align: justify;\"><strong>Appuntamento e procedura per il rilascio del passaporto<\/strong><\/p>\n<p style=\"text-align: justify;\">Para obtener un pasaporte\/ c\u00e9dula de identidad, los residentes en El Salvador deben reservar una cita a trav\u00e9s del portal <a href=\"https:\/\/prenotami.esteri.it\/\">Prenot@mi<\/a><\/p>\n<p style=\"text-align: justify;\">La cita deber\u00e1 ser reconfirmada en el portal, entre 10 y 4 d\u00edas antes, sino el sistema la anular\u00e1 en autom\u00e1tico.<\/p>\n<p style=\"text-align: justify;\">El d\u00eda de la cita deber\u00e1 presentar los siguientes documentos:<\/p>\n<p style=\"text-align: justify;\">\u2013 Un documento de identidad italiano v\u00e1lido.<br \/>\nEn caso de primera expedici\u00f3n, puede presentar su pasaporte salvadore\u00f1o;<\/p>\n<p style=\"text-align: justify;\">\u2013 En caso de ni\u00f1os grandes o adultos, no se pide la fotograf\u00eda, ya que se toma en la sede;<br \/>\nen caso de neonatos o ni\u00f1os muy peque\u00f1os, traer una fotograf\u00eda reciente tama\u00f1o cedula (3,5\u00d74,00 cm) NO digital, en color, sobre fondo blanco, que muestre el rostro de frente, a una distancia media, con el arco de la ceja descubierto, con expresi\u00f3n neutra y la boca cerrada (<a href=\"https:\/\/ambsansalvador.esteri.it\/wp-content\/uploads\/2023\/07\/fotografia_passaporto_web.pdf\">ver ejemplos<\/a>).<\/p>\n<p style=\"text-align: justify;\">\u2013 pasaporte antiguo (si se posee);<\/p>\n<p style=\"text-align: justify;\"><strong>Expedici\u00f3n de pasaportes a ciudadanos con hijos menores de edad\u00a0\u00a0\u00a0\u00a0\u00a0\u00a0\u00a0\u00a0\u00a0\u00a0 <\/strong><\/p>\n<p style=\"text-align: justify;\">Se informa a los ciudadanos, padres de hijos menores de edad, que a partir del 14 de junio de 2023 ya no ser\u00e1 necesario presentar el consentimiento del otro progenitor para la expedici\u00f3n de su documento de identidad (pasaporte y CIE), en aplicaci\u00f3n del Decreto Ley 69\/2023.<\/p>\n<p style=\"text-align: justify;\">M\u00e1s concretamente, el art\u00edculo 3-bis modificado de la Ley n\u00ba 1185\/1967 indica que, cuando exista un peligro concreto y actual de que, debido al traslado al extranjero, pueda eludir el cumplimiento de sus obligaciones para con sus hijos, ser\u00e1 posible que el otro progenitor solicite una medida cautelar contra la expedici\u00f3n del documento.<\/p>\n<p style=\"text-align: justify;\">La solicitud podr\u00e1 presentarse ante el juez competente del tribunal ordinario donde el menor tenga su residencia habitual o, si el menor reside en el extranjero, ante el tribunal en cuya circunscripci\u00f3n se encuentre su distrito de inscripci\u00f3n en el AIRE.<\/p>\n<p style=\"text-align: justify;\">A efectos de la expedici\u00f3n de documentos para menores, en cambio, sigue siendo obligatorio el consentimiento firmado por ambos progenitores o por quienes ejerzan la patria potestad.<\/p>\n<p style=\"text-align: justify;\"><strong>Pasaporte para menores\u00a0\u00a0\u00a0 <\/strong><\/p>\n<p style=\"text-align: justify;\">Todos los menores deben ser titulares de un pasaporte individual; para su expedici\u00f3n se requiere el consentimiento de ambos progenitores.<\/p>\n<p style=\"text-align: justify;\">El tiempo de validez del pasaporte en estos casos se diferencia seg\u00fan la edad:<\/p>\n<ul style=\"text-align: justify;\">\n<li>tres a\u00f1os de validez para menores de 0 a 3 a\u00f1os;<\/li>\n<li>cinco a\u00f1os de validez para los menores de 3 a 18 a\u00f1os.<\/li>\n<\/ul>\n<p style=\"text-align: justify;\">S\u00f3lo a partir de los 12 a\u00f1os es necesario obtener las huellas dactilares y la firma digitalizada.<br \/>\nTenga en cuenta que la inscripci\u00f3n del menor en el pasaporte de los padres no es v\u00e1lida y que el menor s\u00f3lo puede viajar al extranjero con un documento de viaje individual. Los pasaportes de los padres con anotaciones para hijos menores siguen siendo v\u00e1lidos s\u00f3lo para el titular hasta su fecha de caducidad natural.<br \/>\nLos pasaportes individuales expedidos a menores antes de la fecha de entrada en vigor de la nueva normativa (25 de noviembre de 2009), que tienen una validez de diez a\u00f1os, tambi\u00e9n siguen siendo v\u00e1lidos hasta su fecha de caducidad natural.<br \/>\nN.B. Antes de emprender un viaje, es aconsejable dirigirse siempre a las Representaciones Diplom\u00e1ticas de los pa\u00edses de destino, con el fin de comprobar las formalidades requeridas para la entrada.<br \/>\nPara la expedici\u00f3n de pasaportes a menores de 18 a\u00f1os, se requiere siempre la presencia personal del menor para el que se solicita el pasaporte.<\/p>\n<ul style=\"text-align: justify;\">\n<li><strong>Padre o madre que sea ciudadano de la UE:<\/strong><\/li>\n<\/ul>\n<p style=\"text-align: justify;\">El asentimiento ya firmado, junto con una copia de un documento de identidad v\u00e1lido de la UE, puede ser presentado por el solicitante junto con la solicitud de pasaporte o documento de identidad. Si el otro progenitor no es conviviente, puede enviar el formulario de consentimiento junto con una copia del documento de forma independiente por correo electr\u00f3nico.<\/p>\n<ul style=\"text-align: justify;\">\n<li><strong>Progenitor que no es ciudadano de la UE:<\/strong><\/li>\n<\/ul>\n<p style=\"text-align: justify;\">La firma de la declaraci\u00f3n jurada de consentimiento debe ser notariada. Esto es posible en ls Oficina Consular de la Embajada, en un Consulado Honorario o en un Notario P\u00fablico. Si reside en Italia o en el extranjero, el progenitor puede autenticar ante notario la firma del consentimiento en la Questura o Consulado correspondiente. Para la autenticaci\u00f3n de la firma en la ventanilla consular, es necesario reservar la cita por correo electr\u00f3nico escribiendo a <a href=\"mailto:consolare.sansalvador@esteri.it\">consolare.sansalvador@esteri.it<\/a><\/p>\n<p style=\"text-align: justify;\">\u00a0Autorizaci\u00f3n de expedici\u00f3n de pasaporte\/documento de identidad para menores sin el consentimiento de uno de los dos progenitores o de quien ejerza la patria potestad, que el interesado deber\u00e1 solicitar al juez tutelar italiano competente del lugar de residencia del menor (aunque sea distinto del lugar de expedici\u00f3n del documento).<\/p>\n<ul style=\"text-align: justify;\">\n<li>Para menores residentes en Italia =&gt;\u00a0<a href=\"https:\/\/www.giustizia.it\/giustizia\/it\/mg_4.page\"><strong>Tribunale<\/strong><\/a>(volontaria giurisdizione);<\/li>\n<li>Para menores residentes en el extranjero\u00a0=&gt;\u00a0<a href=\"https:\/\/www.esteri.it\/it\/servizi-consolari-e-visti\/\"><strong>Rappresentanza diplomatico-consolare competente<\/strong><\/a>. Si el menor reside en la circunscripci\u00f3n consular de El Salvador es posible solicitar la autorizaci\u00f3n en la forma descrita a continuaci\u00f3n.<\/li>\n<\/ul>\n<p style=\"text-align: justify;\">\u00a0<strong>DECRETO DE AUTORIZACI\u00d3N CONSULAR (Para la expedici\u00f3n de un pasaporte):<\/strong><\/p>\n<p style=\"text-align: justify;\">En caso de no poder obtener el consentimiento del otro progenitor para la expedici\u00f3n del documento, el solicitante podr\u00e1 iniciar el procedimiento para obtener la autorizaci\u00f3n del juez tutelar italiano competente (v\u00e9ase m\u00e1s arriba), tras valorar los motivos de la falta de consentimiento, las condiciones sociales y psicol\u00f3gicas del menor, la atribuci\u00f3n de la responsabilidad parental y la custodia, las obligaciones impuestas a los progenitores (por ejemplo, posibles obligaciones de alimentos), etc.<\/p>\n<p style=\"text-align: justify;\">Si el menor afectado reside en la circunscripci\u00f3n consular de El Salvador, el interesado podr\u00e1 solicitar un decreto consular de autorizaci\u00f3n al Jefe de la Oficina Consular en calidad de juez tutelar.<\/p>\n<p style=\"text-align: justify;\">A continuaci\u00f3n, se detalla la documentaci\u00f3n a presentar:<\/p>\n<p style=\"text-align: justify;\">\u2013 Formulario de\u00a0<a href=\"https:\/\/ambsansalvador.esteri.it\/wp-content\/uploads\/2023\/12\/modello_istanza_GT.docx\">solicitud\u00a0<\/a>(formato Word)<br \/>\n\u2013 Copia de la sentencia de divorcio o separaci\u00f3n o copia de la resoluci\u00f3n judicial relativa a la custodia de los hijos;<br \/>\n\u2013 Copia de la carta certificada con acuse de recibo enviada al \u00faltimo domicilio conocido del otro progenitor para obtener su consentimiento<br \/>\n\u2013 Documentaci\u00f3n acreditativa del pago de la pensi\u00f3n alimenticia establecida por sentencia<br \/>\n\u2013 Pago de la tasa consular de 11 euros.<\/p>\n<p style=\"text-align: justify;\">La autoridad consular, durante la fase de investigaci\u00f3n preliminar, podr\u00e1 solicitar documentaci\u00f3n adicional.<br \/>\nSi se comprueba que los motivos de la falta de consentimiento del otro progenitor no est\u00e1n justificados, el Jefe de la Oficina Consular, tras valorar el inter\u00e9s superior del menor, podr\u00e1 autorizar, mediante decreto especial, la expedici\u00f3n del documento (si no existen otras causas de impedimento).<\/p>\n<p style=\"text-align: justify;\">Este procedimiento tiene car\u00e1cter excepcional y judicial, por lo que s\u00f3lo puede utilizarse en caso de <strong>imposibilidad absoluta<\/strong> de obtener el acto de consentimiento previsto por la ley. Tambi\u00e9n hay que tener en cuenta que, debido a las comprobaciones que deben realizarse en tales situaciones, el tiempo de espera para obtener el pasaporte puede ser considerablemente m\u00e1s largo.<\/p>\n<p style=\"text-align: justify;\">\n<p style=\"text-align: justify;\">\n<p style=\"text-align: justify;\"><strong>DECLARACION DE ACOMPANAMIENTO DEL MENOR DE EDAD \u00a0<\/strong><\/p>\n<p style=\"text-align: justify;\">Desde el 4 de junio 2014, la Canciller\u00eda Consular de la Ciudad de San Salvador, en el caso en que no exista tal menci\u00f3n en el pasaporte, podr\u00e1 expedir una certificaci\u00f3n espec\u00edfica que contenga los datos proporcionados en las declaraciones de quienes ejercen la responsabilidad paternal (patria potestad) o tutor\u00eda del menor.<\/p>\n<p style=\"text-align: justify;\">En el caso en que un menor de 14 a\u00f1os viaje sin ser acompa\u00f1ado por uno de sus progenitores o tutor, el nombre de la\/s persona\/s a quien\/es ha sido confiado debe indicarse en una <a href=\"https:\/\/ambsansalvador.esteri.it\/wp-content\/uploads\/2023\/12\/Richiesta-di-accompagnamento-minore.pdf\">declaraci\u00f3n extendida<\/a> por quien puede dar el consentimiento o autorizaci\u00f3n, seg\u00fan el art\u00edculo 3, literal a) de la Ley 1185\/1967, emitida por una Autoridad competente (Questura en Italia, o la Oficina Consular al Exterior). En la misma declaraci\u00f3n hay que mencionar el nombre de la persona, la entidad o compa\u00f1\u00eda de transporte a quien el menor es confiado.<\/p>\n<p style=\"text-align: justify;\">\n<ul>\n<li style=\"text-align: justify;\">La validez de la certificaci\u00f3n es por regla limitada a un solo viaje (ida y\/o vuelta) fuera del Pa\u00eds de residencia del menor de catorce a\u00f1os, con un destino determinado.<br \/>\nEl plazo m\u00e1ximo de validez de la declaraci\u00f3n \u2013en el cual deben estar comprendidas las fechas de partida y la de regreso- es de 6 meses.<\/li>\n<li style=\"text-align: justify;\">Los responsables parentales o tutores pueden indicar hasta un m\u00e1ximo de dos acompa\u00f1antes, que sin embargo ser\u00e1n alternativos entre s\u00ed;<\/li>\n<li style=\"text-align: justify;\">Al hacer la declaraci\u00f3n de acompa\u00f1amiento, los responsables parentales o tutores pueden solicitar que los nombres de los acompa\u00f1antes, la duraci\u00f3n del viaje y el destino se impriman en el pasaporte del menor o, como alternativa, que estos datos se incluyan en un certificado separado, que ser\u00e1 impreso por la Oficina competente;<\/li>\n<li style=\"text-align: justify;\">En caso de que el menor est\u00e9 a cargo de una entidad o de una compa\u00f1\u00eda de transporte, para garantizar la integridad y legibilidad de los datos relativos al viaje, solo se emitir\u00e1 el certificado. Se recomienda, antes de comprar el billete de la compa\u00f1\u00eda de transporte, verificar que esta acepte que el menor est\u00e9 a su cargo.<\/li>\n<\/ul>\n","protected":false},"excerpt":{"rendered":"Informaci\u00f3n general El pasaporte es un documento de viaje e identificaci\u00f3n que s\u00f3lo puede expedirse a quienes ya son ciudadanos italianos. En Italia su expedici\u00f3n es competencia de la Questura (Jefatura de Polic\u00eda). En el extranjero es competencia de la Autoridad Consular. Para los nacionales residentes en El Salvador, la \u00fanica oficina autorizada a expedir [&hellip;]","protected":false},"author":1,"featured_media":257,"parent":119,"menu_order":0,"comment_status":"closed","ping_status":"closed","template":"","meta":{"footnotes":""},"class_list":["post-118","page","type-page","status-publish","has-post-thumbnail","hentry"],"_links":{"self":[{"href":"https:\/\/ambsansalvador.esteri.it\/es\/wp-json\/wp\/v2\/pages\/118","targetHints":{"allow":["GET"]}}],"collection":[{"href":"https:\/\/ambsansalvador.esteri.it\/es\/wp-json\/wp\/v2\/pages"}],"about":[{"href":"https:\/\/ambsansalvador.esteri.it\/es\/wp-json\/wp\/v2\/types\/page"}],"author":[{"embeddable":true,"href":"https:\/\/ambsansalvador.esteri.it\/es\/wp-json\/wp\/v2\/users\/1"}],"replies":[{"embeddable":true,"href":"https:\/\/ambsansalvador.esteri.it\/es\/wp-json\/wp\/v2\/comments?post=118"}],"version-history":[{"count":7,"href":"https:\/\/ambsansalvador.esteri.it\/es\/wp-json\/wp\/v2\/pages\/118\/revisions"}],"predecessor-version":[{"id":3379,"href":"https:\/\/ambsansalvador.esteri.it\/es\/wp-json\/wp\/v2\/pages\/118\/revisions\/3379"}],"up":[{"embeddable":true,"href":"https:\/\/ambsansalvador.esteri.it\/es\/wp-json\/wp\/v2\/pages\/119"}],"wp:featuredmedia":[{"embeddable":true,"href":"https:\/\/ambsansalvador.esteri.it\/es\/wp-json\/wp\/v2\/media\/257"}],"wp:attachment":[{"href":"https:\/\/ambsansalvador.esteri.it\/es\/wp-json\/wp\/v2\/media?parent=118"}],"curies":[{"name":"wp","href":"https:\/\/api.w.org\/{rel}","templated":true}]}}