{"id":119,"date":"2023-07-28T11:29:01","date_gmt":"2023-07-28T09:29:01","guid":{"rendered":"https:\/\/ambsansalvador.esteri.it\/servizi-per-il-cittadino-italiano\/"},"modified":"2023-08-03T16:22:13","modified_gmt":"2023-08-03T14:22:13","slug":"servizi-per-il-cittadino-italiano","status":"publish","type":"page","link":"https:\/\/ambsansalvador.esteri.it\/es\/servizi-consolari-e-visti\/servizi-per-il-cittadino-italiano\/","title":{"rendered":"Servicios para el ciudadano italiano"},"content":{"rendered":"<p>Los servicios consulares se prestan de acuerdo con los principios de igualdad, imparcialidad, eficacia y transparencia.<\/p>\n<p>Los consulados garantizan la protecci\u00f3n de todos los compatriotas en caso de violaci\u00f3n de sus derechos fundamentales y de restricci\u00f3n o privaci\u00f3n de su libertad personal. Tambi\u00e9n prestan asistencia en casos de emergencia, en la b\u00fasqueda de familiares, en procedimientos de sucesi\u00f3n en el extranjero y en la repatriaci\u00f3n de restos mortales.<\/p>\n","protected":false},"excerpt":{"rendered":"Los servicios consulares se prestan de acuerdo con los principios de igualdad, imparcialidad, eficacia y transparencia. Los consulados garantizan la protecci\u00f3n de todos los compatriotas en caso de violaci\u00f3n de sus derechos fundamentales y de restricci\u00f3n o privaci\u00f3n de su libertad personal. Tambi\u00e9n prestan asistencia en casos de emergencia, en la b\u00fasqueda de familiares, en [&hellip;]","protected":false},"author":1,"featured_media":0,"parent":138,"menu_order":0,"comment_status":"closed","ping_status":"closed","template":"","meta":{"footnotes":""},"class_list":["post-119","page","type-page","status-publish","hentry"],"_links":{"self":[{"href":"https:\/\/ambsansalvador.esteri.it\/es\/wp-json\/wp\/v2\/pages\/119","targetHints":{"allow":["GET"]}}],"collection":[{"href":"https:\/\/ambsansalvador.esteri.it\/es\/wp-json\/wp\/v2\/pages"}],"about":[{"href":"https:\/\/ambsansalvador.esteri.it\/es\/wp-json\/wp\/v2\/types\/page"}],"author":[{"embeddable":true,"href":"https:\/\/ambsansalvador.esteri.it\/es\/wp-json\/wp\/v2\/users\/1"}],"replies":[{"embeddable":true,"href":"https:\/\/ambsansalvador.esteri.it\/es\/wp-json\/wp\/v2\/comments?post=119"}],"version-history":[{"count":2,"href":"https:\/\/ambsansalvador.esteri.it\/es\/wp-json\/wp\/v2\/pages\/119\/revisions"}],"predecessor-version":[{"id":394,"href":"https:\/\/ambsansalvador.esteri.it\/es\/wp-json\/wp\/v2\/pages\/119\/revisions\/394"}],"up":[{"embeddable":true,"href":"https:\/\/ambsansalvador.esteri.it\/es\/wp-json\/wp\/v2\/pages\/138"}],"wp:attachment":[{"href":"https:\/\/ambsansalvador.esteri.it\/es\/wp-json\/wp\/v2\/media?parent=119"}],"curies":[{"name":"wp","href":"https:\/\/api.w.org\/{rel}","templated":true}]}}