{"id":122,"date":"2023-07-28T11:26:08","date_gmt":"2023-07-28T17:26:08","guid":{"rendered":"https:\/\/ambsansalvador.esteri.it\/turismo\/"},"modified":"2024-11-25T14:08:07","modified_gmt":"2024-11-25T20:08:07","slug":"turismo","status":"publish","type":"page","link":"https:\/\/ambsansalvador.esteri.it\/es\/italia-e-el-salvador\/diplomazia-culturale\/turismo\/","title":{"rendered":"Turismo"},"content":{"rendered":"<p>Para los viajes tur\u00edsticos a El Salvador, se recomienda a los ciudadanos consultar la p\u00e1gina web del <a href=\"https:\/\/www.mitur.gob.sv\/\">Ministerio de Turismo<\/a> salvadore\u00f1o, as\u00ed como verificar los requisitos de entrada en <a href=\"https:\/\/www.viaggiaresicuri.it\/home\">Viaggiare Sicuri<\/a> y registrar su viaje en <a href=\"https:\/\/www.dovesiamonelmondo.it\/home.html\">Dove siamo nel Mondo<\/a>.<\/p>\n<p>&nbsp;<\/p>\n","protected":false},"excerpt":{"rendered":"Para los viajes tur\u00edsticos a El Salvador, se recomienda a los ciudadanos consultar la p\u00e1gina web del Ministerio de Turismo salvadore\u00f1o, as\u00ed como verificar los requisitos de entrada en Viaggiare Sicuri y registrar su viaje en Dove siamo nel Mondo. &nbsp;","protected":false},"author":1,"featured_media":0,"parent":126,"menu_order":6,"comment_status":"closed","ping_status":"closed","template":"","meta":{"footnotes":""},"class_list":["post-122","page","type-page","status-publish","hentry"],"_links":{"self":[{"href":"https:\/\/ambsansalvador.esteri.it\/es\/wp-json\/wp\/v2\/pages\/122","targetHints":{"allow":["GET"]}}],"collection":[{"href":"https:\/\/ambsansalvador.esteri.it\/es\/wp-json\/wp\/v2\/pages"}],"about":[{"href":"https:\/\/ambsansalvador.esteri.it\/es\/wp-json\/wp\/v2\/types\/page"}],"author":[{"embeddable":true,"href":"https:\/\/ambsansalvador.esteri.it\/es\/wp-json\/wp\/v2\/users\/1"}],"replies":[{"embeddable":true,"href":"https:\/\/ambsansalvador.esteri.it\/es\/wp-json\/wp\/v2\/comments?post=122"}],"version-history":[{"count":2,"href":"https:\/\/ambsansalvador.esteri.it\/es\/wp-json\/wp\/v2\/pages\/122\/revisions"}],"predecessor-version":[{"id":1941,"href":"https:\/\/ambsansalvador.esteri.it\/es\/wp-json\/wp\/v2\/pages\/122\/revisions\/1941"}],"up":[{"embeddable":true,"href":"https:\/\/ambsansalvador.esteri.it\/es\/wp-json\/wp\/v2\/pages\/126"}],"wp:attachment":[{"href":"https:\/\/ambsansalvador.esteri.it\/es\/wp-json\/wp\/v2\/media?parent=122"}],"curies":[{"name":"wp","href":"https:\/\/api.w.org\/{rel}","templated":true}]}}