{"id":126,"date":"2023-07-28T11:20:20","date_gmt":"2023-07-28T17:20:20","guid":{"rendered":"https:\/\/ambsansalvador.esteri.it\/diplomazia-culturale\/"},"modified":"2024-02-13T11:49:57","modified_gmt":"2024-02-13T17:49:57","slug":"diplomazia-culturale","status":"publish","type":"page","link":"https:\/\/ambsansalvador.esteri.it\/es\/italia-e-el-salvador\/diplomazia-culturale\/","title":{"rendered":"Diplomacia cultural"},"content":{"rendered":"<p style=\"text-align: justify;\">Actualmente est\u00e1n presentes en El Salvador y forman parte del Sistema Italia dos instituciones gestionadas por compatriotas, Sociedad Dante Alighieri y Asistencia Italiana, que ofrecen cursos de lengua italiana y que expiden certificaciones CILS y PLIDA respectivamente a los estudiantes.<\/p>\n<p style=\"text-align: justify;\">En el marco de la promoci\u00f3n de la lengua italiana en El Salvador, que actualmente es la tercera m\u00e1s estudiada en el Pa\u00eds centroamericano, \u00a0Italia ha donado recientemente a la nueva Biblioteca BINAES libros y material did\u00e1ctico que consolidar\u00e1 el acercamiento de la juventud salvadore\u00f1a a la Cultura Italiana.<\/p>\n<p style=\"text-align: justify;\">La donaci\u00f3n contribuir\u00e1 a dar a conocer la Historia, la Cultura y las bellezas art\u00edsticas de nuestro Pa\u00eds, donde vive la segunda comunidad m\u00e1s grande de los salvadore\u00f1os.<\/p>\n<p style=\"text-align: justify;\">La Cooperaci\u00f3n al Desarrollo italiana considera la Cultura entre los sectores prioritarios de intervenci\u00f3n para valorizar el patrimonio cultural de El Salvador.<\/p>\n<p style=\"text-align: justify;\">Es actualmente operativo un cr\u00e9dito blando de 3.5 millones de Euros en favor del Ministerio de la Cultura con el objetivo de generar oportunidades de formaci\u00f3n t\u00e9cnica profesional en el sector cultural mediante la restauraci\u00f3n y equipamiento de edificios hist\u00f3ricos y la realizaci\u00f3n de escuelas de talleres de restauraci\u00f3n.<\/p>\n<p style=\"text-align: justify;\">En el \u00faltimo bienio la Embajada de Italia en colaboraci\u00f3n con el Ministerio de Cultura salvadore\u00f1o y con el apoyo de las instancias del Sistema Italia en El Salvador ha organizado una serie de eventos culturales en los m\u00e1s ic\u00f3nicos edificios hist\u00f3ricos y culturales del Pa\u00eds centroamericano.<\/p>\n<p style=\"text-align: justify;\">Entre los eventos, que han presentado las excelencias italianas en el sector de la m\u00fasica cl\u00e1sica y del jazz, se mencionan:<\/p>\n<p style=\"text-align: justify;\">&#8211; Concierto Amistad Italia- El Salvador con el Maestro pianista Roberto Prosseda y la Orquestra Sinf\u00f3nica Nacional de El Salvador.<\/p>\n<p style=\"text-align: justify;\">&#8211; Concierto del obo\u00edsta Gianfranco Bortolato en ocasi\u00f3n de la Semana de la Lengua Italiana en el Mundo y la Orquestra Sinf\u00f3nica Nacional de El Salvador.<\/p>\n<p style=\"text-align: justify;\">-Concierto Noche de Jazz con Alessio Menconi y Organ Trio \u00abWes 100\u00bb.<\/p>\n<p style=\"text-align: justify;\">-Concierto del Cuarteto de Venecia con motivo de la Fiesta Nacional de la Rep\u00fablica.<\/p>\n<p style=\"text-align: justify;\">-Concierto Piano Duo Spina y Benignetti con ocasi\u00f3n de la XXIII Semana de la Lengua Italiana del Mundo.<\/p>\n","protected":false},"excerpt":{"rendered":"Actualmente est\u00e1n presentes en El Salvador y forman parte del Sistema Italia dos instituciones gestionadas por compatriotas, Sociedad Dante Alighieri y Asistencia Italiana, que ofrecen cursos de lengua italiana y que expiden certificaciones CILS y PLIDA respectivamente a los estudiantes. En el marco de la promoci\u00f3n de la lengua italiana en El Salvador, que actualmente [&hellip;]","protected":false},"author":1,"featured_media":0,"parent":137,"menu_order":2,"comment_status":"closed","ping_status":"closed","template":"","meta":{"footnotes":""},"class_list":["post-126","page","type-page","status-publish","hentry"],"_links":{"self":[{"href":"https:\/\/ambsansalvador.esteri.it\/es\/wp-json\/wp\/v2\/pages\/126","targetHints":{"allow":["GET"]}}],"collection":[{"href":"https:\/\/ambsansalvador.esteri.it\/es\/wp-json\/wp\/v2\/pages"}],"about":[{"href":"https:\/\/ambsansalvador.esteri.it\/es\/wp-json\/wp\/v2\/types\/page"}],"author":[{"embeddable":true,"href":"https:\/\/ambsansalvador.esteri.it\/es\/wp-json\/wp\/v2\/users\/1"}],"replies":[{"embeddable":true,"href":"https:\/\/ambsansalvador.esteri.it\/es\/wp-json\/wp\/v2\/comments?post=126"}],"version-history":[{"count":5,"href":"https:\/\/ambsansalvador.esteri.it\/es\/wp-json\/wp\/v2\/pages\/126\/revisions"}],"predecessor-version":[{"id":965,"href":"https:\/\/ambsansalvador.esteri.it\/es\/wp-json\/wp\/v2\/pages\/126\/revisions\/965"}],"up":[{"embeddable":true,"href":"https:\/\/ambsansalvador.esteri.it\/es\/wp-json\/wp\/v2\/pages\/137"}],"wp:attachment":[{"href":"https:\/\/ambsansalvador.esteri.it\/es\/wp-json\/wp\/v2\/media?parent=126"}],"curies":[{"name":"wp","href":"https:\/\/api.w.org\/{rel}","templated":true}]}}