{"id":127,"date":"2023-07-28T11:19:42","date_gmt":"2023-07-28T17:19:42","guid":{"rendered":"https:\/\/ambsansalvador.esteri.it\/fare-affari-a-el-salvador\/"},"modified":"2024-11-28T11:46:47","modified_gmt":"2024-11-28T17:46:47","slug":"fare-affari-a-el-salvador","status":"publish","type":"page","link":"https:\/\/ambsansalvador.esteri.it\/es\/italia-e-el-salvador\/cooperazione-politica\/fare-affari-a-el-salvador\/","title":{"rendered":"Hacer negocios en El Salvador"},"content":{"rendered":"<p>Se invita a los empresarios italianos, interesados en establecer negocios o realizar inversiones, a consultar el siguiente enlace de la Agencia de Promoci\u00f3n de Inversiones y exportaciones <a href=\"https:\/\/investinelsalvador.gob.sv\/es\/\">\u00abInvest in El Salvador\u00bb<\/a> donde se proporciona informaci\u00f3n \u00fatil para la asistencia y asesoramiento a inversores, exportadores o empresas interesadas en expandir sus negocios en los sectores que ofrece el Pa\u00eds.<\/p>\n<p>El 14 de mayo de 2024 se constituy\u00f3 la C\u00e1mara de Comercio e Industria Italiana en El Salvador, a la que se puede llamar a los siguientes n\u00fameros de tel\u00e9fono<br \/>\ntel\u00e9fono: +50375525689<br \/>\ncorreo electr\u00f3nico: <a href=\"mailto:camaraitalosalv@gmail.com\">camaraitalosalv@gmail.com<\/a><\/p>\n","protected":false},"excerpt":{"rendered":"Se invita a los empresarios italianos, interesados en establecer negocios o realizar inversiones, a consultar el siguiente enlace de la Agencia de Promoci\u00f3n de Inversiones y exportaciones \u00abInvest in El Salvador\u00bb donde se proporciona informaci\u00f3n \u00fatil para la asistencia y asesoramiento a inversores, exportadores o empresas interesadas en expandir sus negocios en los sectores que [&hellip;]","protected":false},"author":1,"featured_media":0,"parent":129,"menu_order":0,"comment_status":"closed","ping_status":"closed","template":"","meta":{"footnotes":""},"class_list":["post-127","page","type-page","status-publish","hentry"],"_links":{"self":[{"href":"https:\/\/ambsansalvador.esteri.it\/es\/wp-json\/wp\/v2\/pages\/127","targetHints":{"allow":["GET"]}}],"collection":[{"href":"https:\/\/ambsansalvador.esteri.it\/es\/wp-json\/wp\/v2\/pages"}],"about":[{"href":"https:\/\/ambsansalvador.esteri.it\/es\/wp-json\/wp\/v2\/types\/page"}],"author":[{"embeddable":true,"href":"https:\/\/ambsansalvador.esteri.it\/es\/wp-json\/wp\/v2\/users\/1"}],"replies":[{"embeddable":true,"href":"https:\/\/ambsansalvador.esteri.it\/es\/wp-json\/wp\/v2\/comments?post=127"}],"version-history":[{"count":2,"href":"https:\/\/ambsansalvador.esteri.it\/es\/wp-json\/wp\/v2\/pages\/127\/revisions"}],"predecessor-version":[{"id":2000,"href":"https:\/\/ambsansalvador.esteri.it\/es\/wp-json\/wp\/v2\/pages\/127\/revisions\/2000"}],"up":[{"embeddable":true,"href":"https:\/\/ambsansalvador.esteri.it\/es\/wp-json\/wp\/v2\/pages\/129"}],"wp:attachment":[{"href":"https:\/\/ambsansalvador.esteri.it\/es\/wp-json\/wp\/v2\/media?parent=127"}],"curies":[{"name":"wp","href":"https:\/\/api.w.org\/{rel}","templated":true}]}}