{"id":128,"date":"2023-07-28T11:19:11","date_gmt":"2023-07-28T09:19:11","guid":{"rendered":"https:\/\/ambsansalvador.esteri.it\/fare-affari-in-italia\/"},"modified":"2023-08-03T20:35:02","modified_gmt":"2023-08-03T18:35:02","slug":"fare-affari-in-italia","status":"publish","type":"page","link":"https:\/\/ambsansalvador.esteri.it\/es\/italia-e-el-salvador\/cooperazione-politica\/fare-affari-in-italia\/","title":{"rendered":"Hacer negocios en Italia"},"content":{"rendered":"<p>Si est\u00e1 interesado en hacer negocios en Italia, le sugerimos que consulte<\/p>\n<p>\u00ab<a href=\"http:\/\/investinitaly.com\/it\/perche-investire-in-italia\">Why Invest in Italy<\/a>\u00bb del Ministerio de Desarrollo Econ\u00f3mico<br \/>\nLa p\u00e1gina web de la Agencia para la promoci\u00f3n exterior y la internacionalizaci\u00f3n de las empresas italianas <a href=\"https:\/\/www.ice.it\/it\">Home | Agenzia ICE<\/a><br \/>\nLa informaci\u00f3n macroecon\u00f3mica facilitada por el <a href=\"http:\/\/www.dt.mef.gov.it\/it\/index.html\">Departamento del Tesoro del Ministerio de Econom\u00eda y Hacienda<\/a><br \/>\nEstad\u00edsticas sobre la econom\u00eda italiana proporcionadas por el <a href=\"http:\/\/www.bancaditalia.it\/statistiche\/index.html?com.dotmarketing.htmlpage.language=102\">Banco de Italia<\/a><br \/>\n<a href=\"http:\/\/italiastartupvisa.mise.gov.it\/\">Italia Startup Visa<\/a> (sitio s\u00f3lo en ingl\u00e9s)<br \/>\n<a href=\"http:\/\/www.registroimprese.it\/\">Registro delle Imprese<\/a>, donde encontrar\u00e1 informaci\u00f3n oficial sobre las empresas con sede o unidades locales en Italia.<\/p>\n","protected":false},"excerpt":{"rendered":"Si est\u00e1 interesado en hacer negocios en Italia, le sugerimos que consulte \u00abWhy Invest in Italy\u00bb del Ministerio de Desarrollo Econ\u00f3mico La p\u00e1gina web de la Agencia para la promoci\u00f3n exterior y la internacionalizaci\u00f3n de las empresas italianas Home | Agenzia ICE La informaci\u00f3n macroecon\u00f3mica facilitada por el Departamento del Tesoro del Ministerio de Econom\u00eda [&hellip;]","protected":false},"author":1,"featured_media":0,"parent":129,"menu_order":2,"comment_status":"closed","ping_status":"closed","template":"","meta":{"footnotes":""},"class_list":["post-128","page","type-page","status-publish","hentry"],"_links":{"self":[{"href":"https:\/\/ambsansalvador.esteri.it\/es\/wp-json\/wp\/v2\/pages\/128","targetHints":{"allow":["GET"]}}],"collection":[{"href":"https:\/\/ambsansalvador.esteri.it\/es\/wp-json\/wp\/v2\/pages"}],"about":[{"href":"https:\/\/ambsansalvador.esteri.it\/es\/wp-json\/wp\/v2\/types\/page"}],"author":[{"embeddable":true,"href":"https:\/\/ambsansalvador.esteri.it\/es\/wp-json\/wp\/v2\/users\/1"}],"replies":[{"embeddable":true,"href":"https:\/\/ambsansalvador.esteri.it\/es\/wp-json\/wp\/v2\/comments?post=128"}],"version-history":[{"count":9,"href":"https:\/\/ambsansalvador.esteri.it\/es\/wp-json\/wp\/v2\/pages\/128\/revisions"}],"predecessor-version":[{"id":459,"href":"https:\/\/ambsansalvador.esteri.it\/es\/wp-json\/wp\/v2\/pages\/128\/revisions\/459"}],"up":[{"embeddable":true,"href":"https:\/\/ambsansalvador.esteri.it\/es\/wp-json\/wp\/v2\/pages\/129"}],"wp:attachment":[{"href":"https:\/\/ambsansalvador.esteri.it\/es\/wp-json\/wp\/v2\/media?parent=128"}],"curies":[{"name":"wp","href":"https:\/\/api.w.org\/{rel}","templated":true}]}}