{"id":131,"date":"2023-07-28T11:13:03","date_gmt":"2023-07-28T09:13:03","guid":{"rendered":"https:\/\/ambsansalvador.esteri.it\/numeri-di-emergenza\/"},"modified":"2023-07-28T20:42:23","modified_gmt":"2023-07-28T18:42:23","slug":"numeri-di-emergenza","status":"publish","type":"page","link":"https:\/\/ambsansalvador.esteri.it\/es\/chi-siamo\/numeri-di-emergenza\/","title":{"rendered":"N\u00fameros de emergencia"},"content":{"rendered":"<p><strong>Asistencia consular relacionada con situaciones de emergencias graves durante el horario de cierre de oficinas<\/strong><\/p>\n<p>Durante el cierre de las oficinas, un tel\u00e9fono m\u00f3vil se encuentra activado, para ser contactado solo en caso de una emergencia grave y comprobada:<\/p>\n<p>Tel\u00e9fono m\u00f3vil para emergencias: (+503) 78610870<\/p>\n<p>En caso de emergencias, tambi\u00e9n se puede contactar al Oficial de Turno del Ministerio de Relaciones Exteriores y Cooperaci\u00f3n Internacional de Italia al (+39) 06 &#8211; 36.91.26.66.<\/p>\n<p>Es de tomar en cuenta que los n\u00fameros anteriores se utilizan exclusivamente para informar situaciones de emergencia graves y comprobadas que requieren intervenciones inmediatas y no diferible por parte del Ministerio de Relaciones Exteriores para proteger a los ciudadanos italianos en el extranjero (por ejemplo: accidentes, detenciones, problemas m\u00e9dicos graves, etc.) . Los funcionarios que est\u00e9n de turno no pueden dar seguimiento a solicitudes gen\u00e9ricas relacionadas con pr\u00e1cticas administrativas como, por ejemplo: registros AIRE, estado civil, pasaportes o carnet de identidad, solicitudes de ciudadan\u00eda, servicios notariales, etc.<\/p>\n","protected":false},"excerpt":{"rendered":"Asistencia consular relacionada con situaciones de emergencias graves durante el horario de cierre de oficinas Durante el cierre de las oficinas, un tel\u00e9fono m\u00f3vil se encuentra activado, para ser contactado solo en caso de una emergencia grave y comprobada: Tel\u00e9fono m\u00f3vil para emergencias: (+503) 78610870 En caso de emergencias, tambi\u00e9n se puede contactar al Oficial [&hellip;]","protected":false},"author":1,"featured_media":0,"parent":139,"menu_order":6,"comment_status":"closed","ping_status":"closed","template":"","meta":{"footnotes":""},"class_list":["post-131","page","type-page","status-publish","hentry"],"_links":{"self":[{"href":"https:\/\/ambsansalvador.esteri.it\/es\/wp-json\/wp\/v2\/pages\/131","targetHints":{"allow":["GET"]}}],"collection":[{"href":"https:\/\/ambsansalvador.esteri.it\/es\/wp-json\/wp\/v2\/pages"}],"about":[{"href":"https:\/\/ambsansalvador.esteri.it\/es\/wp-json\/wp\/v2\/types\/page"}],"author":[{"embeddable":true,"href":"https:\/\/ambsansalvador.esteri.it\/es\/wp-json\/wp\/v2\/users\/1"}],"replies":[{"embeddable":true,"href":"https:\/\/ambsansalvador.esteri.it\/es\/wp-json\/wp\/v2\/comments?post=131"}],"version-history":[{"count":2,"href":"https:\/\/ambsansalvador.esteri.it\/es\/wp-json\/wp\/v2\/pages\/131\/revisions"}],"predecessor-version":[{"id":245,"href":"https:\/\/ambsansalvador.esteri.it\/es\/wp-json\/wp\/v2\/pages\/131\/revisions\/245"}],"up":[{"embeddable":true,"href":"https:\/\/ambsansalvador.esteri.it\/es\/wp-json\/wp\/v2\/pages\/139"}],"wp:attachment":[{"href":"https:\/\/ambsansalvador.esteri.it\/es\/wp-json\/wp\/v2\/media?parent=131"}],"curies":[{"name":"wp","href":"https:\/\/api.w.org\/{rel}","templated":true}]}}