{"id":133,"date":"2023-07-28T11:12:06","date_gmt":"2023-07-28T17:12:06","guid":{"rendered":"https:\/\/ambsansalvador.esteri.it\/contatti\/"},"modified":"2026-04-09T11:16:31","modified_gmt":"2026-04-09T17:16:31","slug":"contatti","status":"publish","type":"page","link":"https:\/\/ambsansalvador.esteri.it\/es\/chi-siamo\/contatti\/","title":{"rendered":"Contactos"},"content":{"rendered":"<p class=\"boxLevel03\">Calle la Reforma n. 158<br \/>\nColonia San Benito<br \/>\nSan Salvador, El Salvador C.A.<\/p>\n<p>Contactos telef\u00f3nicos<br \/>\nTel. (00503) 22670400<\/p>\n<p>En caso de graves emergencias es activado el siguiente numero:\u00a0(00503) 78610870<\/p>\n<p>Se informa que el n\u00famero de emergencia debe utilizarse exclusivamente para atender situaciones de <strong>emergencia excepcional<\/strong> que requieran una intervenci\u00f3n inmediata y no aplazable por parte del Ministerio de Relaciones Exteriores, con el fin de proteger a los ciudadanos italianos en el exterior.<\/p>\n<p>Dicho n\u00famero no debe usarse para solicitudes generales de informaci\u00f3n relacionadas con tr\u00e1mites administrativos o consulares.<\/p>\n<p>Contactos correos electr\u00f3nicos<br \/>\nSolicitudes generales: segreteria.sansalvador@esteri.it<br \/>\nSolicitudes consulares: consolare.sansalvador@esteri.it<br \/>\nPEC: amb.sansalvador@cert.esteri.it \u00abDirecci\u00f3n habilitada exclusivamente para Correo Electr\u00f3nico Certificado (PEC)\u00bb<\/p>\n","protected":false},"excerpt":{"rendered":"Calle la Reforma n. 158 Colonia San Benito San Salvador, El Salvador C.A. Contactos telef\u00f3nicos Tel. (00503) 22670400 En caso de graves emergencias es activado el siguiente numero:\u00a0(00503) 78610870 Se informa que el n\u00famero de emergencia debe utilizarse exclusivamente para atender situaciones de emergencia excepcional que requieran una intervenci\u00f3n inmediata y no aplazable por parte [&hellip;]","protected":false},"author":1,"featured_media":0,"parent":139,"menu_order":4,"comment_status":"closed","ping_status":"closed","template":"","meta":{"footnotes":""},"class_list":["post-133","page","type-page","status-publish","hentry"],"_links":{"self":[{"href":"https:\/\/ambsansalvador.esteri.it\/es\/wp-json\/wp\/v2\/pages\/133","targetHints":{"allow":["GET"]}}],"collection":[{"href":"https:\/\/ambsansalvador.esteri.it\/es\/wp-json\/wp\/v2\/pages"}],"about":[{"href":"https:\/\/ambsansalvador.esteri.it\/es\/wp-json\/wp\/v2\/types\/page"}],"author":[{"embeddable":true,"href":"https:\/\/ambsansalvador.esteri.it\/es\/wp-json\/wp\/v2\/users\/1"}],"replies":[{"embeddable":true,"href":"https:\/\/ambsansalvador.esteri.it\/es\/wp-json\/wp\/v2\/comments?post=133"}],"version-history":[{"count":4,"href":"https:\/\/ambsansalvador.esteri.it\/es\/wp-json\/wp\/v2\/pages\/133\/revisions"}],"predecessor-version":[{"id":3349,"href":"https:\/\/ambsansalvador.esteri.it\/es\/wp-json\/wp\/v2\/pages\/133\/revisions\/3349"}],"up":[{"embeddable":true,"href":"https:\/\/ambsansalvador.esteri.it\/es\/wp-json\/wp\/v2\/pages\/139"}],"wp:attachment":[{"href":"https:\/\/ambsansalvador.esteri.it\/es\/wp-json\/wp\/v2\/media?parent=133"}],"curies":[{"name":"wp","href":"https:\/\/api.w.org\/{rel}","templated":true}]}}