{"id":138,"date":"2023-07-28T10:52:52","date_gmt":"2023-07-28T16:52:52","guid":{"rendered":"https:\/\/ambsansalvador.esteri.it\/servizi-consolari-e-visti\/"},"modified":"2026-04-01T13:10:12","modified_gmt":"2026-04-01T19:10:12","slug":"servizi-consolari-e-visti","status":"publish","type":"page","link":"https:\/\/ambsansalvador.esteri.it\/es\/servizi-consolari-e-visti\/","title":{"rendered":"Servicios Consulares y Visas"},"content":{"rendered":"<p>Bienvenido a la secci\u00f3n dedicada a los servicios consulares.<\/p>\n<p>Para facilitar la navegaci\u00f3n hemos dividido los distintos servicios ofrecidos en dos secciones, las destinadas a los <a href=\"https:\/\/ambsansalvador.esteri.it\/es\/servizi-consolari-e-visti\/servizi-per-il-cittadino-italiano\/\">ciudadanos italianos<\/a> y las destinadas a los <a href=\"https:\/\/ambsansalvador.esteri.it\/es\/servizi-consolari-e-visti\/servizi-per-il-cittadino-straniero\/\">ciudadanos extranjeros<\/a>.<\/p>\n<p>Cada punto del men\u00fa contiene informaci\u00f3n \u00fatil para solicitar servicios espec\u00edficos.<\/p>\n<p>Un punto espec\u00edfico se refiere a las publicaciones en el Registro Consular.<\/p>\n<p>Para cualquier informaci\u00f3n adicional, p\u00f3ngase en contacto con nosotros en <a href=\"mailto:consolare.sansalvador@esteri.it\">consolare.sansalvador@esteri.it<\/a>.<\/p>\n<p>\u00a1Disfrute de su consulta!<\/p>\n<p><a href=\"https:\/\/ambsansalvador.esteri.it\/wp-content\/uploads\/2023\/08\/informativa_servizi_consolari__ex_visti_e_cittadinanza_.pdf\">informativa_servizi_consolari__ex_visti_e_cittadinanza_<\/a><\/p>\n<p><a href=\"https:\/\/ambsansalvador.esteri.it\/wp-content\/uploads\/2024\/06\/Tabella_procedimenti_a_istanza_di_parte_rev_12_6_2024.pdf\">Tabella_procedimenti_a_istanza_di_parte<\/a><\/p>\n<p>Para solicitar una cita introduzca el siguiente enlace: <a href=\"https:\/\/prenotami.esteri.it\/\">https:\/\/prenotami.esteri.it\/<\/a><\/p>\n<p>Se recuerda a los distintos usuarios que la reserva de citas <span style=\"text-decoration: underline;\">es gratuita<\/span>, as\u00ed como la existencia de sistemas de control bien estructurados sobre el sistema de reservas.<\/p>\n<p><strong>La tabla de las tarifas consulares est\u00e1 disponible pulsando <a href=\"https:\/\/ambsansalvador.esteri.it\/wp-content\/uploads\/2026\/04\/Tasso-ragguaglio-secondo-trimestre.pdf\">aqu\u00ed<\/a><\/strong><\/p>\n","protected":false},"excerpt":{"rendered":"Bienvenido a la secci\u00f3n dedicada a los servicios consulares. Para facilitar la navegaci\u00f3n hemos dividido los distintos servicios ofrecidos en dos secciones, las destinadas a los ciudadanos italianos y las destinadas a los ciudadanos extranjeros. Cada punto del men\u00fa contiene informaci\u00f3n \u00fatil para solicitar servicios espec\u00edficos. Un punto espec\u00edfico se refiere a las publicaciones en [&hellip;]","protected":false},"author":1,"featured_media":0,"parent":0,"menu_order":0,"comment_status":"closed","ping_status":"closed","template":"","meta":{"footnotes":""},"class_list":["post-138","page","type-page","status-publish","hentry"],"_links":{"self":[{"href":"https:\/\/ambsansalvador.esteri.it\/es\/wp-json\/wp\/v2\/pages\/138","targetHints":{"allow":["GET"]}}],"collection":[{"href":"https:\/\/ambsansalvador.esteri.it\/es\/wp-json\/wp\/v2\/pages"}],"about":[{"href":"https:\/\/ambsansalvador.esteri.it\/es\/wp-json\/wp\/v2\/types\/page"}],"author":[{"embeddable":true,"href":"https:\/\/ambsansalvador.esteri.it\/es\/wp-json\/wp\/v2\/users\/1"}],"replies":[{"embeddable":true,"href":"https:\/\/ambsansalvador.esteri.it\/es\/wp-json\/wp\/v2\/comments?post=138"}],"version-history":[{"count":7,"href":"https:\/\/ambsansalvador.esteri.it\/es\/wp-json\/wp\/v2\/pages\/138\/revisions"}],"predecessor-version":[{"id":3335,"href":"https:\/\/ambsansalvador.esteri.it\/es\/wp-json\/wp\/v2\/pages\/138\/revisions\/3335"}],"wp:attachment":[{"href":"https:\/\/ambsansalvador.esteri.it\/es\/wp-json\/wp\/v2\/media?parent=138"}],"curies":[{"name":"wp","href":"https:\/\/api.w.org\/{rel}","templated":true}]}}