{"id":1483,"date":"2024-06-07T12:25:06","date_gmt":"2024-06-07T18:25:06","guid":{"rendered":"https:\/\/ambsansalvador.esteri.it\/?page_id=1483"},"modified":"2026-04-29T14:48:20","modified_gmt":"2026-04-29T20:48:20","slug":"documento-de-identidad-electronico-cie","status":"publish","type":"page","link":"https:\/\/ambsansalvador.esteri.it\/es\/servizi-consolari-e-visti\/servizi-per-il-cittadino-italiano\/passaporti-e-carte-didentita\/documento-de-identidad-electronico-cie\/","title":{"rendered":"Documento de identidad electr\u00f3nico &#8211; CIE"},"content":{"rendered":"<ol>\n<li style=\"text-align: justify;\"><strong>\u00bfQu\u00e9 es la CIE?<\/strong><\/li>\n<\/ol>\n<p style=\"text-align: justify;\">La carta de identidad electr\u00f3nica es un documento personal v\u00e1lido para identificarse y circular en la Uni\u00f3n Europea, en algunos Estados adheridos al acuerdo de Schengen (por ejemplo, Islandia, Noruega y Suiza) y en otros Estados con los cuales se han alcanzado acuerdos bilaterales (ver las \u201cfichas pa\u00eds\u201d individuales en el sitio\u00a0<a href=\"http:\/\/www.viaggiaresicuri.it\/\">www.viaggiaresicuri.it<\/a>).<\/p>\n<p style=\"text-align: justify;\">Con la CIE tambi\u00e9n es posible acceder a algunos servicios digitales de la Administraci\u00f3n P\u00fablica (<em>INPS<\/em>, Municipios, \u201c<em>Agenzia delle Entrate<\/em>\u201d, App IO).<\/p>\n<p style=\"text-align: justify;\"><strong><u>La CIE no remplaza el pasaporte ni es suficiente para viajar desde Italia hacia El Salvador y viceversa.<\/u><\/strong><\/p>\n<ol style=\"text-align: justify;\">\n<li><strong>\u00bfA qui\u00e9n se le puede otorgar la CIE?<\/strong><\/li>\n<\/ol>\n<p style=\"text-align: justify;\">La solicitud puede ser presentada a la Embajada de Italia en San Salvador\u00a0<strong><u>exclusivamente por parte de ciudadanos italianos residentes regularmente en esta Circunscripci\u00f3n Consular con inscripci\u00f3n completa en AIRE\u00a0<\/u><\/strong>(con respecto a lo dicho, se recuerda que la inscripci\u00f3n en AIRE refiere a la inscripci\u00f3n en el registro anteriormente nombrado\u00a0<u>por parte de la Comuna italiana competente<\/u>).<\/p>\n<p style=\"text-align: justify;\"><strong>En caso de cambio de domicilio<\/strong>\u00a0(respecto al informado previamente a la Oficina Consular), es necesario solicitar la variaci\u00f3n de domicilio a trav\u00e9s del portal\u00a0<a href=\"https:\/\/serviziconsolarionline.esteri.it\/ScoFE\/index.sco\"><strong>FAST IT<\/strong><\/a>\u00a0<u>antes<\/u>\u00a0de proceder con la solicitud de emisi\u00f3n de la CIE.<\/p>\n<p style=\"text-align: justify;\">Es decir que, para la emisi\u00f3n de la CIE\u00a0<strong><u>(la cual no es entregada personalmente por el Consulado General, sino enviada al usuario desde Italia, ver punto 9),<\/u><\/strong>\u00a0es indispensable que el solicitante:<\/p>\n<ul style=\"text-align: justify;\">\n<li>sea ciudadano italiano residente regularmente en la Circunscripci\u00f3n Consular;<\/li>\n<li>est\u00e9 inscrito en AIRE y su nombre haya sido ingresado en la aplicaci\u00f3n correspondiente por el Municipio italiano de referencia;<\/li>\n<li>tenga el acta de nacimiento transcripta en Italia, ya que los datos de dicha transcripci\u00f3n deben figurar en la CIE;<\/li>\n<li>haya actualizado su domicilio.<\/li>\n<\/ul>\n<ol style=\"text-align: justify;\">\n<li><strong>\u00bfCu\u00e1ndo se puede solicitar la CIE?<\/strong><\/li>\n<\/ol>\n<ul style=\"text-align: justify;\">\n<li>para primera emisi\u00f3n;<\/li>\n<li>en caso de robo, p\u00e9rdida o deterioro de la anterior carta de identidad en papel o electr\u00f3nica;<\/li>\n<li>en reemplazo de una carta de identidad en papel v\u00e1lida<\/li>\n<\/ul>\n<ol style=\"text-align: justify;\">\n<li><strong>\u00bfC\u00f3mo se solicita?<\/strong><\/li>\n<\/ol>\n<p style=\"text-align: justify;\">La solicitud debe realizarse exclusivamente utilizando la plataforma\u00a0<a href=\"https:\/\/prenotami.esteri.it\/\">Prenot@Mi<\/a>.<\/p>\n<p style=\"text-align: justify;\">La cita deber\u00e1 ser reconfirmada en el portal, entre 10 y 4 d\u00edas antes, sino el sistema la anular\u00e1 en autom\u00e1tico.<\/p>\n<p style=\"text-align: justify;\"><u>ATENCI\u00d3N: en caso de que, tras verificaciones, surjan motivos que impidan procesar la solicitud (ver punto 2), el connacional ser\u00e1 informado de las razones del rechazo y deber\u00e1 regularizar su situaci\u00f3n en base a lo comunicado por la Embajada de Italia en San Salvador. Solo una vez regularizada su situaci\u00f3n, podr\u00e1 repetir el tr\u00e1mite en el portal\u00a0<\/u><a href=\"https:\/\/prenotami.esteri.it\/\">Prenot@Mi<\/a><u>.<\/u><\/p>\n<ol style=\"text-align: justify;\">\n<li><strong>\u00bfSe puede solicitar turno para hijos menores?<\/strong><\/li>\n<\/ol>\n<p style=\"text-align: justify;\">S\u00ed. Al momento de reservar el turno se deber\u00e1 <strong>completar una ficha para cada persona que solicite la CIE.\u00a0<\/strong>Para ulteriores informaciones sobre el consentimiento ver punto 9.<\/p>\n<ol style=\"text-align: justify;\">\n<li><strong>\u00bfQu\u00e9 documentaci\u00f3n se debe llevar al turno para solicitar la CIE?<\/strong><\/li>\n<\/ol>\n<p style=\"text-align: justify;\">Normalmente el solicitante debe presentarse con:<\/p>\n<ol style=\"text-align: justify;\">\n<li>En caso de ni\u00f1os grandes o adultos, no se pide la fotograf\u00eda, ya que se toma en la sede;<br \/>\nen caso de neonatos o ni\u00f1os muy peque\u00f1os, traer una fotograf\u00eda reciente tama\u00f1o cedula (3,5\u00d74,00 cm) NO digital, en color, sobre fondo blanco, que muestre el rostro de frente, a una distancia media, con el arco de la ceja descubierto, con expresi\u00f3n neutra y la boca cerrada (<a href=\"https:\/\/ambsansalvador.esteri.it\/wp-content\/uploads\/2023\/07\/fotografia_passaporto_web.pdf\">ver ejemplos<\/a>).<\/li>\n<\/ol>\n<ol style=\"text-align: justify;\">\n<li>Pasaporte Italiano vigente y\/o carta de identidad italiana anterior;<\/li>\n<li>Declaraci\u00f3n de p\u00e9rdida\/robo de la carta de identidad anterior si corresponde (se recuerda tener presentes las consecuencias previstas por la normativa en caso de falsa declaraci\u00f3n);<\/li>\n<li>Acta de consentimiento de ambos padres en caso de que el solicitante sea menor de 18 a\u00f1os (ver punto 9);<\/li>\n<\/ol>\n<ol style=\"text-align: justify;\" start=\"5\">\n<li>El pago debe realizarse con tarjeta de d\u00e9bito en ventanilla (con un recargo de 1,50 d\u00f3lares) o en efectivo en la agencia del Banco Cuscatl\u00e1n m\u00e1s cercana, previa presentaci\u00f3n del billete en la agencia.<\/li>\n<\/ol>\n<ol style=\"text-align: justify;\">\n<li><strong>\u00bfQu\u00e9 se realiza el d\u00eda del turno?<\/strong><\/li>\n<\/ol>\n<p style=\"text-align: justify;\">El operador recibir\u00e1 la documentaci\u00f3n mencionada en el punto 6, realizar\u00e1 el reconocimiento del solicitante, la verificaci\u00f3n de la foto y la adquisici\u00f3n de las huellas digitales y de su firma.<\/p>\n<ol style=\"text-align: justify;\">\n<li><strong>\u00bfQu\u00e9 es el acta de consentimiento para los menores?<\/strong><\/li>\n<\/ol>\n<p style=\"text-align: justify;\">Para la\u00a0<strong>emisi\u00f3n de la CIE para menores de edad<\/strong>\u00a0\u2013 al igual que para el pasaporte \u2013 se mantiene\u00a0<u>la obligaci\u00f3n de presentar el consentimiento de ambos padres o de quien ejerza la responsabilidad parental.<\/u><\/p>\n<p style=\"text-align: justify;\">El consentimiento puede darse de las siguientes formas:<\/p>\n<ul style=\"text-align: justify;\">\n<li>personalmente en la Embajada, el d\u00eda del turno, presentando un documento de identidad v\u00e1lido (original y copia simple);<\/li>\n<li>en una oficina de la Administraci\u00f3n P\u00fablica italiana autorizada para la autenticaci\u00f3n de firmas (por ejemplo,\u00a0<em>Questura<\/em>\u00a0o Sede diplom\u00e1tico-consular);<\/li>\n<li>mediante escritura p\u00fablica ante un notario, legalizada con Apostilla y traducida al italiano.<\/li>\n<\/ul>\n<p style=\"text-align: justify;\">Los padres ciudadanos de un Pa\u00eds de la Uni\u00f3n Europea pueden presentar el consentimiento completando y firmando el\u00a0<a href=\"https:\/\/ambsansalvador.esteri.it\/wp-content\/uploads\/2026\/04\/ATTO-DI-ASSENSO-PER-RILASCIO-CIE.pdf\">formulario correspondiente<\/a>\u00a0 y adjuntando la copia de un documento de identidad vigente emitido por un Pa\u00eds de la UE donde se vea la firma del declarante.<\/p>\n<p style=\"text-align: justify;\">Si existe un peligro actual y concreto de que, debido a la mudanza al exterior, uno de los padres pueda evadir sus obligaciones hacia los hijos, el otro puede solicitar al juez competente que impida la emisi\u00f3n del documento.<\/p>\n<p style=\"text-align: justify;\">Desde el 14 de junio de 2023, seg\u00fan el D.L. 69\/2023, ya no se requiere el consentimiento del otro padre para la emisi\u00f3n del documento propio de identidad (CIE o pasaporte).<\/p>\n<ol style=\"text-align: justify;\">\n<li><strong>\u00bfC\u00f3mo se recibe la carta de identidad electr\u00f3nica?<\/strong><\/li>\n<\/ol>\n<p style=\"text-align: justify;\">La carta de identidad electr\u00f3nica\u00a0<strong><u>no es emitida\/entregada por la Embajada.<\/u><\/strong><\/p>\n<p style=\"text-align: justify;\">La CIE es emitida por el Ministerio del Interior y producida por el\u00a0<em>Istituto Poligrafico e Zecca dello Stato<\/em>, que la\u00a0<strong><u>env\u00eda por medio de \u201c<em>Poste Italiane<\/em>\u201d, por correo certificado, a la direcci\u00f3n de residencia declarada por el solicitante.<\/u><\/strong><\/p>\n<p style=\"text-align: justify;\">El connacional podr\u00e1 seguir aut\u00f3nomamente el env\u00edo online, a trav\u00e9s de un c\u00f3digo de seguimiento, el cual le ser\u00e1 entregado el d\u00eda del turno al solicitante.<\/p>\n<p style=\"text-align: justify;\">En caso de\u00a0<strong>entrega fallida o ausencia del solicitante el d\u00eda de la entrega<\/strong>, la CIE queda en custodia en la Oficina Postal de Correo Argentino por un per\u00edodo variable (se recomienda que el usuario verifique directamente con el servicio de correo), tras lo cual el paquete con la CIE es devuelto a Italia.<\/p>\n<p style=\"text-align: justify;\"><u>Se recomienda monitorear atentamente el estado del env\u00edo.<\/u><\/p>\n<p style=\"text-align: justify;\"><u>El Consulado General no se hace responsable por eventuales problemas de env\u00edo, por los cuales es necesario comunicarse con\u00a0<em>\u201cPoste Italiane\u201d<\/em>.<\/u><\/p>\n<p style=\"text-align: justify;\"><u>La competencia de la Embajada de Italia en San Salvador termina el d\u00eda del turno con el env\u00edo de la solicitud de la CIE a Italia. Eventuales ulteriores consultas respecto de la CIE deber\u00e1n ser dirigidas a la direcci\u00f3n de correo electr\u00f3nico especifica del Ministerio del Interior: cie.cittadini@interno.it<\/u><\/p>\n<ol style=\"text-align: justify;\">\n<li><strong>\u00bfCu\u00e1nto tiempo dura la CIE?<\/strong><\/li>\n<\/ol>\n<p style=\"text-align: justify;\">La validez de la carta de identidad var\u00eda seg\u00fan la edad del titular:<\/p>\n<ul style=\"text-align: justify;\">\n<li>3 a\u00f1os para menores de 0 a 3 a\u00f1os (no cumplidos);<\/li>\n<li>5 a\u00f1os para menores de 3 a 18 a\u00f1os (no cumplidos);<\/li>\n<li>10 a\u00f1os para mayores de edad.<\/li>\n<\/ul>\n<ol style=\"text-align: justify;\">\n<li><strong>\u00bfDebo pedir una carta de identidad nueva si cambio de domicilio?<\/strong><\/li>\n<\/ol>\n<p style=\"text-align: justify;\">No. La carta de identidad es un documento de identidad y no de residencia.<\/p>\n<p style=\"text-align: justify;\"><strong><u>AVISO<\/u><\/strong><\/p>\n<p style=\"text-align: justify;\"><strong><u>Las cartas de identidad en papel (CIC) italianas dejar\u00e1n de ser v\u00e1lidas a partir del 3 de agosto de 2026.<\/u><\/strong><\/p>\n<p style=\"text-align: justify;\"><u>Los connacionales inscriptos en AIRE en esta Embajada que posean la CIC\u00a0<strong>con fecha de vencimiento posterior al 3 de agosto de 2026<\/strong>\u00a0est\u00e1n invitados a reservar un turno para la emisi\u00f3n de la carta de identidad electr\u00f3nica a trav\u00e9s del portal\u00a0<\/u><a href=\"https:\/\/prenotami.esteri.it\/\">Prenot@Mi<\/a><u>.<\/u><\/p>\n<p style=\"text-align: justify;\">Correo electr\u00f3nico de la Oficina: <a href=\"mailto:consolare.sansalvador@esteri.it\">consolare.sansalvador@esteri.it<\/a><\/p>\n<p style=\"text-align: justify;\">Para m\u00e1s informaciones, se invita a consultar la normativa de referencia.<\/p>\n","protected":false},"excerpt":{"rendered":"\u00bfQu\u00e9 es la CIE? La carta de identidad electr\u00f3nica es un documento personal v\u00e1lido para identificarse y circular en la Uni\u00f3n Europea, en algunos Estados adheridos al acuerdo de Schengen (por ejemplo, Islandia, Noruega y Suiza) y en otros Estados con los cuales se han alcanzado acuerdos bilaterales (ver las \u201cfichas pa\u00eds\u201d individuales en el [&hellip;]","protected":false},"author":2,"featured_media":0,"parent":118,"menu_order":0,"comment_status":"closed","ping_status":"closed","template":"","meta":{"footnotes":""},"class_list":["post-1483","page","type-page","status-publish","hentry"],"_links":{"self":[{"href":"https:\/\/ambsansalvador.esteri.it\/es\/wp-json\/wp\/v2\/pages\/1483","targetHints":{"allow":["GET"]}}],"collection":[{"href":"https:\/\/ambsansalvador.esteri.it\/es\/wp-json\/wp\/v2\/pages"}],"about":[{"href":"https:\/\/ambsansalvador.esteri.it\/es\/wp-json\/wp\/v2\/types\/page"}],"author":[{"embeddable":true,"href":"https:\/\/ambsansalvador.esteri.it\/es\/wp-json\/wp\/v2\/users\/2"}],"replies":[{"embeddable":true,"href":"https:\/\/ambsansalvador.esteri.it\/es\/wp-json\/wp\/v2\/comments?post=1483"}],"version-history":[{"count":3,"href":"https:\/\/ambsansalvador.esteri.it\/es\/wp-json\/wp\/v2\/pages\/1483\/revisions"}],"predecessor-version":[{"id":3424,"href":"https:\/\/ambsansalvador.esteri.it\/es\/wp-json\/wp\/v2\/pages\/1483\/revisions\/3424"}],"up":[{"embeddable":true,"href":"https:\/\/ambsansalvador.esteri.it\/es\/wp-json\/wp\/v2\/pages\/118"}],"wp:attachment":[{"href":"https:\/\/ambsansalvador.esteri.it\/es\/wp-json\/wp\/v2\/media?parent=1483"}],"curies":[{"name":"wp","href":"https:\/\/api.w.org\/{rel}","templated":true}]}}