{"id":283,"date":"2023-08-01T21:01:37","date_gmt":"2023-08-01T19:01:37","guid":{"rendered":"https:\/\/ambsansalvador.esteri.it\/?page_id=283"},"modified":"2023-08-01T21:59:33","modified_gmt":"2023-08-01T19:59:33","slug":"spid","status":"publish","type":"page","link":"https:\/\/ambsansalvador.esteri.it\/es\/servizi-consolari-e-visti\/servizi-per-il-cittadino-italiano\/spid\/","title":{"rendered":"SPID"},"content":{"rendered":"<p><strong>Qu\u00e9 es SPID<\/strong>: SPID (Sistema Pubblico di Identit\u00e0 Digitale &#8211; Sistema P\u00fablico de Identidad Digital) es una credencial \u00fanica y personal que permite a los ciudadanos italianos ser reconocidos por las administraciones p\u00fablicas locales y centrales, y utilizar servicios digitales de forma personalizada y segura. Estos servicios digitales son ofrecidos por las administraciones p\u00fablicas italianas, pero tambi\u00e9n por otros Estados miembros de la UE, y por aquellas empresas o comerciantes que han elegido el SPID como herramienta de identificaci\u00f3n.<\/p>\n<p>Por lo tanto, el SPID facilita el uso de los servicios en l\u00ednea, simplifica la relaci\u00f3n de los ciudadanos con las oficinas p\u00fablicas y mejora la experiencia del usuario con las empresas privadas.<\/p>\n<p>Un ciudadano italiano puede necesitar el SPID para comunicarse con la administraci\u00f3n p\u00fablica, consultar documentos y tr\u00e1mites, solicitar certificados y atestados, comprobar su situaci\u00f3n fiscal y realizar muchas otras operaciones.<\/p>\n<p>El SPID ha sustituido al anterior sistema de acceso a los servicios de Fisconline, por lo que este Consulado ya no expide c\u00f3digos PIN.<\/p>\n<p>Qui\u00e9n puede solicitar el SPID: Todos los ciudadanos italianos mayores de 18 a\u00f1os (incluidos los residentes en el extranjero) en posesi\u00f3n de<\/p>\n<p>documento de identidad italiano v\u00e1lido;<br \/>\ncertificado de c\u00f3digo fiscal (tarjeta sanitaria, tarjeta de c\u00f3digo fiscal, certificado de asignaci\u00f3n de c\u00f3digo fiscal);<\/p>\n<p>direcci\u00f3n de correo electr\u00f3nico;<br \/>\nn\u00famero de tel\u00e9fono m\u00f3vil para uso personal.<\/p>\n<p>C\u00f3mo solicitar el SPID: el interesado debe solicitar de forma independiente el reconocimiento personal a uno de los gestores de identidad digital reconocidos por AgID. Se recomienda a los interesados que comprueben qu\u00e9 gestor ofrece el procedimiento de reconocimiento m\u00e1s adecuado a su caso, ya que pueden variar.<\/p>\n<p>Para toda la informaci\u00f3n sobre c\u00f3mo obtener el SPID si reside en el extranjero, consulte:<\/p>\n<p><a href=\"https:\/\/www.spid.gov.it\/cos-e-spid\/come-attivare-spid\/spid-per-i-cittadini-italiani-allestero\/\">https:\/\/www.spid.gov.it\/cos-e-spid\/come-attivare-spid\/spid-per-i-cittadini-italiani-allestero\/<\/a><\/p>\n<p>&nbsp;<\/p>\n","protected":false},"excerpt":{"rendered":"Qu\u00e9 es SPID: SPID (Sistema Pubblico di Identit\u00e0 Digitale &#8211; Sistema P\u00fablico de Identidad Digital) es una credencial \u00fanica y personal que permite a los ciudadanos italianos ser reconocidos por las administraciones p\u00fablicas locales y centrales, y utilizar servicios digitales de forma personalizada y segura. Estos servicios digitales son ofrecidos por las administraciones p\u00fablicas italianas, [&hellip;]","protected":false},"author":2,"featured_media":0,"parent":119,"menu_order":0,"comment_status":"closed","ping_status":"closed","template":"","meta":{"footnotes":""},"class_list":["post-283","page","type-page","status-publish","hentry"],"_links":{"self":[{"href":"https:\/\/ambsansalvador.esteri.it\/es\/wp-json\/wp\/v2\/pages\/283","targetHints":{"allow":["GET"]}}],"collection":[{"href":"https:\/\/ambsansalvador.esteri.it\/es\/wp-json\/wp\/v2\/pages"}],"about":[{"href":"https:\/\/ambsansalvador.esteri.it\/es\/wp-json\/wp\/v2\/types\/page"}],"author":[{"embeddable":true,"href":"https:\/\/ambsansalvador.esteri.it\/es\/wp-json\/wp\/v2\/users\/2"}],"replies":[{"embeddable":true,"href":"https:\/\/ambsansalvador.esteri.it\/es\/wp-json\/wp\/v2\/comments?post=283"}],"version-history":[{"count":2,"href":"https:\/\/ambsansalvador.esteri.it\/es\/wp-json\/wp\/v2\/pages\/283\/revisions"}],"predecessor-version":[{"id":289,"href":"https:\/\/ambsansalvador.esteri.it\/es\/wp-json\/wp\/v2\/pages\/283\/revisions\/289"}],"up":[{"embeddable":true,"href":"https:\/\/ambsansalvador.esteri.it\/es\/wp-json\/wp\/v2\/pages\/119"}],"wp:attachment":[{"href":"https:\/\/ambsansalvador.esteri.it\/es\/wp-json\/wp\/v2\/media?parent=283"}],"curies":[{"name":"wp","href":"https:\/\/api.w.org\/{rel}","templated":true}]}}