{"id":1477,"date":"2024-06-07T12:25:06","date_gmt":"2024-06-07T18:25:06","guid":{"rendered":"https:\/\/ambsansalvador.esteri.it\/?page_id=1477"},"modified":"2026-04-29T14:47:39","modified_gmt":"2026-04-29T20:47:39","slug":"carta-didentita-elettronica-cie","status":"publish","type":"page","link":"https:\/\/ambsansalvador.esteri.it\/it\/servizi-consolari-e-visti\/servizi-per-il-cittadino-italiano\/passaporti-e-carte-didentita\/carta-didentita-elettronica-cie\/","title":{"rendered":"Carta d\u2019identit\u00e0 elettronica \u2013 CIE"},"content":{"rendered":"<p style=\"text-align: justify;\"><strong>Carta d\u2019Identit\u00e0 elettronica (CIE)<\/strong><\/p>\n<ol style=\"text-align: justify;\">\n<li><strong>Che cos\u2019\u00e8 la CIE?<\/strong><\/li>\n<\/ol>\n<p style=\"text-align: justify;\">\u00c8 un documento personale di riconoscimento valido per identificarsi e circolare all\u2019interno dell\u2019Unione Europea, in alcuni Stati aderenti all\u2019accordo di Schengen (ad es. Islanda, Norvegia e Svizzera) e in altri Stati con cui sono stati raggiunti accordi bilaterali (vedasi le singole \u201cschede Paese\u201d sul sito\u00a0<a href=\"http:\/\/www.viaggiaresicuri.it\/\">www.viaggiaresicuri.it<\/a>).<\/p>\n<p style=\"text-align: justify;\">Con la CIE \u00e8 possibile altres\u00ec accedere ad alcuni servizi digitali della Pubblica Amministrazione (INPS, Comuni, Agenzia delle Entrate, \u201cIO App\u201d).<\/p>\n<p style=\"text-align: justify;\"><strong><u>La CIE non sostituisce il passaporto n\u00e9 \u00e8 sufficiente per viaggiare dall\u2019Italia a El Salvador e viceversa.<\/u><\/strong><\/p>\n<ol style=\"text-align: justify;\">\n<li><strong>A chi pu\u00f2 essere rilasciata la CIE?<\/strong><\/li>\n<\/ol>\n<p style=\"text-align: justify;\">La richiesta pu\u00f2 essere presentata all\u2019Ambasciata d\u2019Italia a San Salvador <strong><u>esclusivamente dai cittadini italiani regolarmente residenti in questa Circoscrizione Consolare<\/u><\/strong><u>\u00a0<strong>con iscrizione AIRE completata<\/strong><\/u>\u00a0(si ricorda a questo proposito, che per iscrizione all\u2019AIRE si intende l\u2019iscrizione nel suddetto registro\u00a0<u>da parte del Comune italiano competente).<\/u><\/p>\n<p style=\"text-align: justify;\"><strong>Nel caso si sia cambiato indirizzo di residenza<\/strong>\u00a0(rispetto a quello comunicato in precedenza all\u2019Ufficio Consolare), \u00e8 necessario chiedere la variazione di indirizzo tramite il portale\u00a0<a href=\"https:\/\/serviziconsolarionline.esteri.it\/ScoFE\/index.sco\"><strong>FAST IT<\/strong><\/a>\u00a0<u>prima\u00a0<\/u>di procedere alla richiesta di rilascio della CIE.<\/p>\n<p style=\"text-align: justify;\">In sintesi, ai fini dell\u2019emissione della CIE\u00a0<strong>(<u>che non viene materialmente rilasciata dall\u2019Ambasciata d\u2019Italia a San Salvador, bens\u00ec spedita all\u2019utente dall\u2019Italia, v. punto 9<\/u>)<\/strong>, \u00e8 indispensabile che il richiedente:<\/p>\n<ul style=\"text-align: justify;\">\n<li>sia cittadino italiano regolarmente residente nella Circoscrizione Consolare;<\/li>\n<li>sia iscritto AIRE e il suo nominativo sia inserito nell\u2019apposito applicativo da parte del Comune italiano di riferimento;<\/li>\n<li>abbia l\u2019atto di nascita trascritto in Italia, in quanto gli estremi della trascrizione devono essere riportati sulla CIE;<\/li>\n<li>abbia aggiornato il proprio indirizzo di residenza.<\/li>\n<\/ul>\n<ol style=\"text-align: justify;\">\n<li><strong>Quando si pu\u00f2 richiedere la CIE?<\/strong><\/li>\n<\/ol>\n<ul style=\"text-align: justify;\">\n<li>per primo rilascio;<\/li>\n<li>in caso di furto, smarrimento o deterioramento della precedente Carta d\u2019Identit\u00e0, cartacea o elettronica;<\/li>\n<li>in sostituzione di una Carta di Identit\u00e0 cartacea valida;<\/li>\n<\/ul>\n<ol style=\"text-align: justify;\">\n<li><strong>Come si richiede?<\/strong><\/li>\n<\/ol>\n<p style=\"text-align: justify;\">La richiesta deve essere presentata utilizzando esclusivamente la piattaforma\u00a0<a href=\"https:\/\/prenotami.esteri.it\/\">Prenot@Mi<\/a>.<\/p>\n<p style=\"text-align: justify;\">La prenotazione dovr\u00e0 essere riconfermata nel portale, tra 10 e 4 giorni prima o il sistema lo annuller\u00e0 in automatico.<\/p>\n<p style=\"text-align: justify;\"><u>ATTENZIONE: nel caso in cui, a seguito di verifiche, emergessero elementi ostativi alla lavorazione della pratica (v. punto 2), il connazionale sar\u00e0 informato sulle motivazioni e dovr\u00e0 regolarizzare la propria posizione in base a quanto comunicato dall\u2019Ambasciata d\u2019Italia a San Salvador. Soltanto una volta regolarizzata la propria posizione, potr\u00e0 ripetere la procedura sul portale\u00a0<\/u><a href=\"https:\/\/prenotami.esteri.it\/\">Prenot@Mi<\/a><u>.<\/u><\/p>\n<ol style=\"text-align: justify;\">\n<li><strong>\u00c8 possibile chiedere l\u2019appuntamento per i figli minori?<\/strong><\/li>\n<\/ol>\n<p style=\"text-align: justify;\">S\u00ec.\u00a0In fase di prenotazione dell\u2019appuntamento bisogner\u00e0\u00a0<strong>compilare una scheda per ciascuna persona che richiede la CIE.\u00a0<\/strong>Per maggiori informazioni sull\u2019assenso v. punto 9.<\/p>\n<ol style=\"text-align: justify;\">\n<li><strong>Qual \u00e8 la documentazione necessaria da portare con s\u00e9 al momento dell\u2019appuntamento per richiedere la CIE?<\/strong><\/li>\n<\/ol>\n<p style=\"text-align: justify;\">Il richiedente deve presentarsi munito di:<\/p>\n<ol style=\"text-align: justify;\">\n<li>In caso di bambini grandi o adulti, non \u00e8 richiesta la fotografia, in quanto la si far\u00e0 in sede; in caso di neonati o bambini piccoli, portare una fotografia recente\u00a0 formato tessera (3,5\u00d74,00 cm) NON digitale, a colori, su fondo bianco, che ritragga il viso di fronte, a media distanza, con l\u2019arco sopraccigliare scoperto, con espressione neutra e la bocca chiusa solo in caso di minori molto piccoli\u00a0 (<a href=\"https:\/\/ambsansalvador.esteri.it\/wp-content\/uploads\/2023\/07\/fotografia_passaporto_web.pdf\">vedi esempi<\/a>).<\/li>\n<li>Passaporto Italiano in corso di validit\u00e0 e\/o Carta d\u2019Identit\u00e0 italiana precedente;<\/li>\n<li>Dichiarazione di smarrimento\/furto della precedente Carta d\u2019Identit\u00e0 cartacea (CIC), se del caso (si attira l\u2019attenzione sulle conseguenze previste dalla normativa in caso di dichiarazione mendace);<\/li>\n<li>Atto di assenso di entrambi i genitori nel caso in cui il richiedente sia un minore (v. punto 9);<\/li>\n<li>Il pagamento del tramite deve essere realizzato unicamente con carta di debito allo sportello (con commissione di $1.50) o in contanti presso la pi\u00f9 vicina agenzia del Banco Cuscatlan previa consegna del ticket da consegnare all\u2019agenzia.<strong>\u00a0<\/strong><\/li>\n<\/ol>\n<ol style=\"text-align: justify;\" start=\"7\">\n<li><strong>Quali operazioni saranno effettuate il giorno dell\u2019appuntamento?<\/strong><\/li>\n<\/ol>\n<p style=\"text-align: justify;\">L\u2019operatore acquisir\u00e0 la documentazione indicata al punto 6, effettuer\u00e0 il riconoscimento del richiedente, la verifica della foto ed acquisir\u00e0 le sue impronte digitali e la sua firma.<\/p>\n<ol style=\"text-align: justify;\" start=\"8\">\n<li><strong>Che cos\u2019\u00e8 l\u2019atto di assenso per i minori?<\/strong><\/li>\n<\/ol>\n<p style=\"text-align: justify;\">Per il\u00a0<strong>rilascio della CIE ai minori\u00a0<\/strong>\u2013 cos\u00ec come avviene per il passaporto \u2013 permane invariato\u00a0<u>l\u2019obbligo di presentare il consenso di entrambi i genitori o di chi esercita la responsabilit\u00e0 genitoriale.<\/u><\/p>\n<p style=\"text-align: justify;\">Il consenso pu\u00f2 essere espresso in una delle seguenti modalit\u00e0:<\/p>\n<ul style=\"text-align: justify;\">\n<li>personalmente in Ambasciata, il giorno dell\u2019appuntamento, presentando un proprio documento d\u2019identit\u00e0 valido (in originale e copia semplice);<\/li>\n<li>presso un Ufficio della Pubblica Amministrazione italiana autorizzato all\u2019autentica di firme (ad esempio Questura o altra Sede diplomatica\/consolare);<\/li>\n<li>tramite atto notarile redatto davanti a un notaio, legalizzato con Apostille e tradotto in italiano.<\/li>\n<\/ul>\n<p style=\"text-align: justify;\">I genitori cittadini di un Paese dell\u2019Unione Europea possono invece esprimere il consenso compilando, firmando e presentando l\u2019apposito\u00a0<a href=\"https:\/\/ambsansalvador.esteri.it\/wp-content\/uploads\/2026\/04\/ATTO-DI-ASSENSO-PER-RILASCIO-CIE.pdf\"><strong>modulo<\/strong><\/a>\u00a0 e allegando la copia di un documento d\u2019identit\u00e0 valido emesso da un Paese UE, sul quale sia visibile la firma del dichiarante.<\/p>\n<p style=\"text-align: justify;\">In presenza di un pericolo attuale e concreto che, a causa del trasferimento all\u2019estero, un genitore possa sottrarsi ai propri obblighi verso i figli, l\u2019altro genitore pu\u00f2 chiedere al giudice competente di inibire il rilascio del documento.<\/p>\n<p style=\"text-align: justify;\">Si ricorda che a partire dal 14 giugno 2023, in base al D.L. 69\/2023, non \u00e8 pi\u00f9 richiesto il consenso dell\u2019altro genitore per il rilascio del proprio documento di identit\u00e0 (CIE o passaporto).<\/p>\n<ol style=\"text-align: justify;\" start=\"9\">\n<li><strong>Come si riceve la Carta d\u2019identit\u00e0 elettronica?<\/strong><\/li>\n<\/ol>\n<p style=\"text-align: justify;\">La Carta d\u2019Identit\u00e0 Elettronica\u00a0<strong><u>non viene rilasciata\/consegnata dall\u2019Ambasciata.<\/u><\/strong><\/p>\n<p style=\"text-align: justify;\">La CIE \u00e8 emessa dal Ministero dell\u2019Interno e prodotta in Italia dall\u2019Istituto Poligrafico e Zecca dello Stato che la\u00a0<strong><u>spedisce tramite Poste Italiane, a mezzo posta raccomandata, all\u2019indirizzo di residenza dichiarato dal richiedente<\/u><\/strong>.<\/p>\n<p style=\"text-align: justify;\">Il connazionale potr\u00e0 seguire la spedizione autonomamente online, attraverso il codice di tracciamento, che sar\u00e0 consegnato ai richiedenti il giorno dell\u2019appuntamento.<\/p>\n<p style=\"text-align: justify;\">Nel caso di\u00a0<strong>consegna errata o di assenza del connazionale il giorno della consegna<\/strong>, \u00e8 prevista una giacenza presso l\u2019Ufficio Postale di Correo de El Salvador, la cui durata varia (si raccomanda all\u2019utente di verificare direttamente con il servizio postale) al termine della quale il plico contenente la CIE viene rispedito in Italia.<\/p>\n<p style=\"text-align: justify;\"><u>Si raccomanda pertanto di monitorare con attenzione lo stato della spedizione.<\/u><\/p>\n<p style=\"text-align: justify;\"><u>L\u2019Ambasciata d\u2019Italia a San Salvador non si fa carico di eventuali problemi di spedizione, per i quali \u00e8 necessario rivolgersi a Poste Italiane.<\/u><\/p>\n<p style=\"text-align: justify;\"><u>La competenza dell\u2019Ambasciata d\u2019Italia a San Salvador termina il giorno dell\u2019appuntamento con l\u2019invio della richiesta della CIE in Italia. Eventuali ulteriori quesiti in merito alla CIE dovranno essere diretti all\u2019indirizzo e-mail dedicato del Ministero dell\u2019Interno: cie.cittadini@interno.it<\/u><\/p>\n<ol style=\"text-align: justify;\" start=\"10\">\n<li><strong>Quanto tempo vale la CIE?<\/strong><\/li>\n<\/ol>\n<p style=\"text-align: justify;\">La validit\u00e0 della Carta d\u2018identit\u00e0 varia a seconda dell\u2019et\u00e0 del titolare:<\/p>\n<p style=\"text-align: justify;\">\u2013 3 anni per i minori di et\u00e0 compresa tra 0 e 3 anni (non compiuti);<br \/>\n\u2013 5 anni per i minori di et\u00e0 compresa tra 3 e 18 anni (non compiuti);<br \/>\n\u2013 10 anni di validit\u00e0 per i maggiorenni.<\/p>\n<ol style=\"text-align: justify;\" start=\"11\">\n<li><strong> Devo chiedere una nuova carta se cambio indirizzo?<br \/>\n<\/strong>No. La carta d\u2019identit\u00e0 \u00e8 un documento di identit\u00e0 e non di residenza.<\/li>\n<\/ol>\n<p style=\"text-align: justify;\"><strong><u>AVVISO<\/u><\/strong><\/p>\n<p style=\"text-align: justify;\"><strong><u>Le carte d\u2019identit\u00e0 cartacee (CIC) italiane non saranno pi\u00f9 valide a partire dal 3 agosto 2026.<\/u><\/strong><\/p>\n<p style=\"text-align: justify;\"><u>I connazionali iscritti all\u2019AIRE presso questa Ambasciata in possesso di CIC\u00a0<strong>con scadenza successiva alla data del 3 agosto 2026<\/strong>\u00a0sono invitati a prenotare un appuntamento per il rilascio della Carta d\u2019Identit\u00e0 elettronica attraverso il portale\u00a0<\/u><a href=\"https:\/\/prenotami.esteri.it\/\">Prenot@Mi<\/a><u>.<br \/>\n<\/u>e-mail dell\u2019Ufficio: <a href=\"mailto:consolare.sansalvador@esteri.it\">consolare.sansalvador@esteri.it<\/a><\/p>\n<p style=\"text-align: justify;\">Per maggiori informazioni, si prega di consultare la normativa di riferimento.<\/p>\n<p>&nbsp;<\/p>\n","protected":false},"excerpt":{"rendered":"Carta d\u2019Identit\u00e0 elettronica (CIE) Che cos\u2019\u00e8 la CIE? \u00c8 un documento personale di riconoscimento valido per identificarsi e circolare all\u2019interno dell\u2019Unione Europea, in alcuni Stati aderenti all\u2019accordo di Schengen (ad es. Islanda, Norvegia e Svizzera) e in altri Stati con cui sono stati raggiunti accordi bilaterali (vedasi le singole \u201cschede Paese\u201d sul sito\u00a0www.viaggiaresicuri.it). Con la [&hellip;]","protected":false},"author":2,"featured_media":0,"parent":62,"menu_order":0,"comment_status":"closed","ping_status":"closed","template":"","meta":{"footnotes":""},"class_list":["post-1477","page","type-page","status-publish","hentry"],"_links":{"self":[{"href":"https:\/\/ambsansalvador.esteri.it\/it\/wp-json\/wp\/v2\/pages\/1477","targetHints":{"allow":["GET"]}}],"collection":[{"href":"https:\/\/ambsansalvador.esteri.it\/it\/wp-json\/wp\/v2\/pages"}],"about":[{"href":"https:\/\/ambsansalvador.esteri.it\/it\/wp-json\/wp\/v2\/types\/page"}],"author":[{"embeddable":true,"href":"https:\/\/ambsansalvador.esteri.it\/it\/wp-json\/wp\/v2\/users\/2"}],"replies":[{"embeddable":true,"href":"https:\/\/ambsansalvador.esteri.it\/it\/wp-json\/wp\/v2\/comments?post=1477"}],"version-history":[{"count":5,"href":"https:\/\/ambsansalvador.esteri.it\/it\/wp-json\/wp\/v2\/pages\/1477\/revisions"}],"predecessor-version":[{"id":3421,"href":"https:\/\/ambsansalvador.esteri.it\/it\/wp-json\/wp\/v2\/pages\/1477\/revisions\/3421"}],"up":[{"embeddable":true,"href":"https:\/\/ambsansalvador.esteri.it\/it\/wp-json\/wp\/v2\/pages\/62"}],"wp:attachment":[{"href":"https:\/\/ambsansalvador.esteri.it\/it\/wp-json\/wp\/v2\/media?parent=1477"}],"curies":[{"name":"wp","href":"https:\/\/api.w.org\/{rel}","templated":true}]}}