{"id":446,"date":"2023-08-03T20:04:57","date_gmt":"2023-08-03T18:04:57","guid":{"rendered":"https:\/\/ambsansalvador.esteri.it\/?page_id=446"},"modified":"2025-12-02T09:16:50","modified_gmt":"2025-12-02T15:16:50","slug":"lista-dei-traduttori","status":"publish","type":"page","link":"https:\/\/ambsansalvador.esteri.it\/it\/servizi-consolari-e-visti\/servizi-per-il-cittadino-italiano\/traduzione-e-legalizzazione-dei-documenti\/lista-dei-traduttori\/","title":{"rendered":"Lista dei traduttori"},"content":{"rendered":"<p><strong>Juan Antonio CARRILLO<\/strong><br \/>\nEdificio Profesional Presidente, Local 23-A (contiguo a Teatro Presidente)<br \/>\nColonia San Benito, San Salvador.<br \/>\nTel. 2243-3665; Cel. 7856-4646<\/p>\n<p><strong>Riccardo DE GASPARI<\/strong><br \/>\nZona Rosa, Edif. Skylight Center, Local 109, (final Calle La Reforma, hacia<br \/>\narriba, 50 mts. a la derecha) Blvd. Hip\u00f3dromo, Col. San Benito, San Salvador.<br \/>\nTel. 2279-0645 (Oficina), 2543-6511 (casa), Cel. 7192-8841<br \/>\nemail: degariccardo@yahoo.it<\/p>\n<p><strong>Andrea ROMANI<\/strong><br \/>\nCondominio Cuscatl\u00e1n n.205, 2\u00ba Nivel, entre 23 y 25 Av. Sur, Pje. Bloom y 4\u00aa<br \/>\nCalle Pte. San Salvador (costado sur Parque Cuscatl\u00e1n, contiguo gasolinera<br \/>\nPuma \u201cOn the Run\u201d)<br \/>\nTel. 2131-7630, 2118-2679 Cel. 7861-8086<br \/>\ne- mail: andrea_romani@yahoo.it<\/p>\n<p><strong>Florencia ARAGON<\/strong><br \/>\nColonia San Benito, Calle Las Palmas #187\u00a0 Tel. 7672-2470<br \/>\ne- mail: <a href=\"mailto:flowerence1@gmail.com\">flowerence1@gmail.com<\/a><\/p>\n<p>* No se recibir\u00e1n documentos que, aunque traducidos, no tengan apostille;<br \/>\n* La apostille y las aut\u00e9nticas, aunque si utilizan una o m\u00e1s p\u00e1ginas, son parte<br \/>\nintegrante del documento;<br \/>\n* La presente comunicaci\u00f3n est\u00e1 colocada en la cartelera consular de esta<br \/>\nembajada en un lugar visible de la sala de espera de la Canciller\u00eda Consular.<br \/>\nCopia de la misma se entrega a los solicitantes.<\/p>\n","protected":false},"excerpt":{"rendered":"Juan Antonio CARRILLO Edificio Profesional Presidente, Local 23-A (contiguo a Teatro Presidente) Colonia San Benito, San Salvador. Tel. 2243-3665; Cel. 7856-4646 Riccardo DE GASPARI Zona Rosa, Edif. Skylight Center, Local 109, (final Calle La Reforma, hacia arriba, 50 mts. a la derecha) Blvd. Hip\u00f3dromo, Col. San Benito, San Salvador. Tel. 2279-0645 (Oficina), 2543-6511 (casa), Cel. [&hellip;]","protected":false},"author":2,"featured_media":0,"parent":76,"menu_order":0,"comment_status":"closed","ping_status":"closed","template":"","meta":{"footnotes":""},"class_list":["post-446","page","type-page","status-publish","hentry"],"_links":{"self":[{"href":"https:\/\/ambsansalvador.esteri.it\/it\/wp-json\/wp\/v2\/pages\/446","targetHints":{"allow":["GET"]}}],"collection":[{"href":"https:\/\/ambsansalvador.esteri.it\/it\/wp-json\/wp\/v2\/pages"}],"about":[{"href":"https:\/\/ambsansalvador.esteri.it\/it\/wp-json\/wp\/v2\/types\/page"}],"author":[{"embeddable":true,"href":"https:\/\/ambsansalvador.esteri.it\/it\/wp-json\/wp\/v2\/users\/2"}],"replies":[{"embeddable":true,"href":"https:\/\/ambsansalvador.esteri.it\/it\/wp-json\/wp\/v2\/comments?post=446"}],"version-history":[{"count":4,"href":"https:\/\/ambsansalvador.esteri.it\/it\/wp-json\/wp\/v2\/pages\/446\/revisions"}],"predecessor-version":[{"id":2922,"href":"https:\/\/ambsansalvador.esteri.it\/it\/wp-json\/wp\/v2\/pages\/446\/revisions\/2922"}],"up":[{"embeddable":true,"href":"https:\/\/ambsansalvador.esteri.it\/it\/wp-json\/wp\/v2\/pages\/76"}],"wp:attachment":[{"href":"https:\/\/ambsansalvador.esteri.it\/it\/wp-json\/wp\/v2\/media?parent=446"}],"curies":[{"name":"wp","href":"https:\/\/api.w.org\/{rel}","templated":true}]}}