{"id":48,"date":"2023-07-28T11:24:29","date_gmt":"2023-07-28T09:24:29","guid":{"rendered":"https:\/\/ambsansalvador.esteri.it\/?page_id=48"},"modified":"2023-08-04T20:12:39","modified_gmt":"2023-08-04T18:12:39","slug":"lingua-e-cultura-italiana","status":"publish","type":"page","link":"https:\/\/ambsansalvador.esteri.it\/it\/italia-e-el-salvador\/diplomazia-culturale\/lingua-e-cultura-italiana\/","title":{"rendered":"Lingua e cultura italiana"},"content":{"rendered":"<p>L\u2019Ufficio Studi fornisce informazioni e consulenza per l\u2019iscrizione a Scuole e Universit\u00e0 in Italia e rilascia le necessarie dichiarazioni di valore per i titoli conseguiti presso Scuole e Universit\u00e0 della circoscrizione consolare perch\u00e8 gli interessati possano ottenere l\u2019equipollenza dei titoli di studio primari e secondari con analoghi titoli italiani, l\u2019iscrizione a scuole ed Universit\u00e0 italiane, il riconoscimento in Italia degli studi universitari e l\u2019assegnazione di borse di studio.<\/p>\n","protected":false},"excerpt":{"rendered":"L\u2019Ufficio Studi fornisce informazioni e consulenza per l\u2019iscrizione a Scuole e Universit\u00e0 in Italia e rilascia le necessarie dichiarazioni di valore per i titoli conseguiti presso Scuole e Universit\u00e0 della circoscrizione consolare perch\u00e8 gli interessati possano ottenere l\u2019equipollenza dei titoli di studio primari e secondari con analoghi titoli italiani, l\u2019iscrizione a scuole ed Universit\u00e0 italiane, [&hellip;]","protected":false},"author":1,"featured_media":0,"parent":46,"menu_order":0,"comment_status":"closed","ping_status":"closed","template":"","meta":{"footnotes":""},"class_list":["post-48","page","type-page","status-publish","hentry"],"_links":{"self":[{"href":"https:\/\/ambsansalvador.esteri.it\/it\/wp-json\/wp\/v2\/pages\/48","targetHints":{"allow":["GET"]}}],"collection":[{"href":"https:\/\/ambsansalvador.esteri.it\/it\/wp-json\/wp\/v2\/pages"}],"about":[{"href":"https:\/\/ambsansalvador.esteri.it\/it\/wp-json\/wp\/v2\/types\/page"}],"author":[{"embeddable":true,"href":"https:\/\/ambsansalvador.esteri.it\/it\/wp-json\/wp\/v2\/users\/1"}],"replies":[{"embeddable":true,"href":"https:\/\/ambsansalvador.esteri.it\/it\/wp-json\/wp\/v2\/comments?post=48"}],"version-history":[{"count":2,"href":"https:\/\/ambsansalvador.esteri.it\/it\/wp-json\/wp\/v2\/pages\/48\/revisions"}],"predecessor-version":[{"id":504,"href":"https:\/\/ambsansalvador.esteri.it\/it\/wp-json\/wp\/v2\/pages\/48\/revisions\/504"}],"up":[{"embeddable":true,"href":"https:\/\/ambsansalvador.esteri.it\/it\/wp-json\/wp\/v2\/pages\/46"}],"wp:attachment":[{"href":"https:\/\/ambsansalvador.esteri.it\/it\/wp-json\/wp\/v2\/media?parent=48"}],"curies":[{"name":"wp","href":"https:\/\/api.w.org\/{rel}","templated":true}]}}