{"id":88,"date":"2023-07-28T11:35:49","date_gmt":"2023-07-28T09:35:49","guid":{"rendered":"https:\/\/ambsansalvador.esteri.it\/?page_id=88"},"modified":"2026-04-29T14:10:25","modified_gmt":"2026-04-29T20:10:25","slug":"visti","status":"publish","type":"page","link":"https:\/\/ambsansalvador.esteri.it\/it\/servizi-consolari-e-visti\/servizi-per-il-cittadino-straniero\/visti\/","title":{"rendered":"Visti"},"content":{"rendered":"<p style=\"text-align: justify;\">Per conoscere la documentazione da presentare per ogni tipologia di visto ed il costo del tramite, consultare il portale \u201cIl Visto per l\u2019Italia\u201d disponibile nel seguente link:<br \/>\n<a href=\"https:\/\/vistoperitalia.esteri.it\">https:\/\/vistoperitalia.esteri.it<\/a><\/p>\n<p style=\"text-align: justify;\">Si aggiunga una riserva di volo (non \u00e8 necessario comprare il biglietto in questo momento).<\/p>\n<p style=\"text-align: justify;\">Grazie al database Visti \u00e8 possibile ottenere le informazioni per richiedere il visto d\u2019ingresso in Italia.<\/p>\n<p style=\"text-align: justify;\">Abbiamo un nuovo sistema per appuntamenti, Prenot@Mi, disponibile in questo link:<br \/>\n<a href=\"https:\/\/prenotami.esteri.it\">https:\/\/prenotami.esteri.it<\/a><br \/>\nLa prenotazione dovr\u00e0 essere riconfermata nel portale, tra 10 e 4 giorni prima o il sistema lo annuller\u00e0 in automatico.<\/p>\n<p style=\"text-align: justify;\">Il pagamento del tramite deve essere realizzato unicamente con carta di debito allo sportello (con commissione di $1.50) o in contanti presso la pi\u00f9 vicina agenzia del Banco Cuscatlan previa consegna del ticket da consegnare all\u2019agenzia.<\/p>\n<p style=\"text-align: justify;\">Il Regolamento (UE) 2019\/1157, recante disposizioni sul rafforzamento della sicurezza delle carte d\u2019identit\u00e0 e dei titoli di soggiorno rilasciati ai cittadini dell\u2019Unione e ai loro familiari, ha stabilito, all\u2019articolo 8, la cessazione\u00a0<strong>a partire dal 3 agosto 2023<\/strong>\u00a0della validit\u00e0 delle carte di soggiorno di familiari di cittadini EU che non rispettano i nuovi requisiti.<\/p>\n<p style=\"text-align: justify;\">Tra i documenti che non saranno pi\u00f9 validi a partire da tale data rientra la Carta di Soggiorno per familiare di cittadino UE in formato cartaceo. I titolari delle predette carte che non abbiano convertito il proprio documento dovranno pertanto munirsi di visto ai fini dell\u2019attraversamento delle frontiere, se previsto dalla loro nazionalit\u00e0.<\/p>\n<p style=\"text-align: justify;\">Resta salva la possibilit\u00e0 per i cittadini stranieri che abbiano fatto richiesta di aggiornamento del proprio titolo e la cui istanza non sia ancora perfezionata, di fare reingresso sul T.N. tramite volo diretto esibendo la ricevuta di rinnovo del loro documento di soggiorno.<\/p>\n<p style=\"text-align: justify;\">\n<p style=\"text-align: justify;\"><strong>Informativa sulla protezione delle persone fisiche\u00a0con riguardo al trattamento dei dati personali ai fini del rilascio di un vistod\u2019ingresso in Italia e nell\u2019area Schengen\u00a0(Regolamento Generale sulla Protezione dei Dati \/ RGPD (UE) 2016\/679, art. 13)<\/strong><\/p>\n<p style=\"text-align: justify;\">Il trattamento dei dati personali per il rilascio di un visto d\u2019ingresso in Italia e nell\u2019area Schengen \u00e8 improntato ai principi di liceit\u00e0, correttezza e trasparenza a tutela dei diritti e delle libert\u00e0 fondamentali delle persone fisiche.<\/p>\n<p style=\"text-align: justify;\">A tal fine, ai sensi dell\u2019art. 13 dell\u2019RGPD, si forniscono le seguenti informazioni:<\/p>\n<ol style=\"text-align: justify;\">\n<li>Il Titolare del trattamento<\/li>\n<\/ol>\n<p style=\"text-align: justify;\">Il Titolare del trattamento \u00e8 il Ministero degli Affari Esteri e della Cooperazione internazionale (MAECI) della Repubblica Italiana il quale opera, nel caso specifico, tramite l\u2019Ambasciata d\u2019Italia a El Salvador, Calle La Reforma n.158, Colonia San Benito; telefono: 00503 22670400; peo. segreteria.sansalvador@esteri.it; pec: amb.sansalvador@cert.esteri.it.<\/p>\n<ol style=\"text-align: justify;\" start=\"2\">\n<li>Il Responsabile della Protezione dei Dati<\/li>\n<\/ol>\n<p style=\"text-align: justify;\">Per quesiti o reclami in materia di privatezza, l\u2019interessato pu\u00f2 rivolgersi al Responsabile della Protezione dei Dati (RPD) del MAECI (indirizzo postale: Ministero degli Affari Esteri e della Cooperazione internazionale, Piazzale della Farnesina 1, 00135 ROMA; telefono: 0039 06 36911 (centralino); peo: rpd@esteri.it; pec: rpd@cert.esteri.it).<\/p>\n<ol style=\"text-align: justify;\" start=\"3\">\n<li>Dati personali trattati<\/li>\n<\/ol>\n<p style=\"text-align: justify;\">I dati personali trattati sono quelli richiesti nel modulo di domanda del visto, nonch\u00e9 quelli presenti nel Sistema informativo visti europeo (VIS) e nell\u2019archivio nazionale.<\/p>\n<ol style=\"text-align: justify;\" start=\"4\">\n<li>Finalit\u00e0 del trattamento<\/li>\n<\/ol>\n<p style=\"text-align: justify;\">I dati personali richiesti sono necessari per valutare la domanda di visto d\u2019ingresso in Italia e nell\u2019area Schengen di un cittadino di un Paese non membro dell\u2019Unione Europea, per cui vige l\u2019obbligo del visto.<\/p>\n<ol style=\"text-align: justify;\" start=\"5\">\n<li>Basi giuridiche del trattamento<\/li>\n<\/ol>\n<p style=\"text-align: justify;\">Le basi giuridiche del trattamento sono le seguenti:<\/p>\n<p style=\"text-align: justify;\">\u2013 Regolamento CE n. 767\/2008 del 9 luglio 2008 che istituisce il \u201cSistema informativo visti \/ VIS\u201d per lo scambio di dati tra gli Stati membri sui visti per soggiorni di breve durata (spazio Schengen);<\/p>\n<p style=\"text-align: justify;\">\u2013 Regolamento CE n. 810\/2009 del 13 luglio 2009 e successive modifiche che istituisce il \u201cCodice comunitario dei visti\u201d (spazio Schengen);<\/p>\n<p style=\"text-align: justify;\">\u2013 Decreto Legislativo 25 luglio 1998, n. 286;<\/p>\n<p style=\"text-align: justify;\">\u2013 D.P.R. 31 agosto 1999, n.394;<\/p>\n<p style=\"text-align: justify;\">\u2013 Decreto interministeriale in materia di visti d\u2019ingresso n. 850 dell\u201911.5.2011.<\/p>\n<p style=\"text-align: justify;\">Ai sensi delle citate normative, il conferimento dei dati in questione \u00e8 obbligatorio per l\u2019esame della domanda di visto e l\u2019eventuale rifiuto a fornire i dati richiesti la rende irricevibile.<\/p>\n<ol style=\"text-align: justify;\" start=\"6\">\n<li>Modalit\u00e0 del trattamento<\/li>\n<\/ol>\n<p style=\"text-align: justify;\">Il trattamento dei dati, svolto da personale appositamente incaricato, sar\u00e0 effettuato in modalit\u00e0 manuale ed automatizzata. In particolare, circa i visti per soggiorni di breve durata, i dati saranno memorizzati nel VIS, mentre per i restanti tipi di visto i dati saranno inseriti nell\u2019archivio nazionale.<\/p>\n<p style=\"text-align: justify;\">7.Trasmissione dei dati a soggetti terzi<\/p>\n<p style=\"text-align: justify;\">In applicazione della normativa europea sullo spazio \u201cSchengen\u201d (in particolare, del Regolamento CE n. 810\/2009 del 13 luglio 2009), i dati necessari per il rilascio di visti per soggiorni brevi saranno a disposizione delle competenti autorit\u00e0 di sicurezza italiane, nonch\u00e9 delle competenti autorit\u00e0 dell\u2019Unione Europea e degli altri Stati Membri. Per le restanti tipologie di visto, i dati saranno a disposizione delle competenti autorit\u00e0 di sicurezza italiane.<\/p>\n<p style=\"text-align: justify;\">8.Periodo di conservazione dei dati<\/p>\n<p style=\"text-align: justify;\">Nel VIS i dati saranno conservati per un periodo massimo di cinque anni. Raggiunta questa scadenza, i dati personali relativi ai visti Schengen (soggiorni brevi) emessi dall\u2019Italia saranno trasferiti nell\u2019archivio nazionale. Nel predetto archivio, i dati saranno conservati a tempo indeterminato per soddisfare diverse esigenze quali la sicurezza nazionale, l\u2019istruttoria di eventuali contenziosi o le attivit\u00e0 di ricerca e studio.<\/p>\n<ol style=\"text-align: justify;\" start=\"9\">\n<li>Diritti dell\u2019interessato<\/li>\n<\/ol>\n<p style=\"text-align: justify;\">L\u2019interessato pu\u00f2 chiedere l\u2019accesso ai propri dati personali e la loro rettifica. Nei limiti previsti dalla normativa vigente e fatte salve le eventuali conseguenze sull\u2019esito della richiesta di visto, egli pu\u00f2 altres\u00ec chiedere la cancellazione di tali dati, nonch\u00e9 la limitazione del trattamento o l\u2019opposizione al trattamento. In particolare, l\u2019interessato pu\u00f2 chiedere la cancellazione dei propri dati personali inseriti nel VIS se acquisisce la cittadinanza di uno Stato Membro UE entro cinque anni dalla decisione di concessione o rifiuto del visto d\u2019ingresso oppure se l\u2019autorit\u00e0 amministrativa o giurisdizionale competente dispone in via definitiva l\u2019annullamento del provvedimento di diniego di un visto.<\/p>\n<p style=\"text-align: justify;\">In questi casi, l\u2019interessato dovr\u00e0 presentare apposita richiesta all\u2019\/al Ambasciata d\u2019Italia a El Salvador informando per conoscenza l\u2019RPD del MAECI.<\/p>\n<ol style=\"text-align: justify;\" start=\"10\">\n<li>Reclami<\/li>\n<\/ol>\n<p style=\"text-align: justify;\">Se ritiene che i suoi diritti in materia di privatezza siano stati violati, l\u2019interessato pu\u00f2 presentare un reclamo all\u2019RPD del MAECI. In alternativa, pu\u00f2 rivolgersi al Garante per la Protezione dei Dati personali (indirizzo postale: Piazza Venezia 11, 00187 ROMA; telefono: 0039 06 696771 (centralino); peo: protocollo@gpdp.it; pec: protocollo@pec.gpdp.it).<\/p>\n<p style=\"text-align: justify;\">(Ultimo aggiornamento: aprile 2026)<\/p>\n","protected":false},"excerpt":{"rendered":"Per conoscere la documentazione da presentare per ogni tipologia di visto ed il costo del tramite, consultare il portale \u201cIl Visto per l\u2019Italia\u201d disponibile nel seguente link: https:\/\/vistoperitalia.esteri.it Si aggiunga una riserva di volo (non \u00e8 necessario comprare il biglietto in questo momento). Grazie al database Visti \u00e8 possibile ottenere le informazioni per richiedere il [&hellip;]","protected":false},"author":1,"featured_media":0,"parent":86,"menu_order":0,"comment_status":"closed","ping_status":"closed","template":"","meta":{"footnotes":""},"class_list":["post-88","page","type-page","status-publish","hentry"],"_links":{"self":[{"href":"https:\/\/ambsansalvador.esteri.it\/it\/wp-json\/wp\/v2\/pages\/88","targetHints":{"allow":["GET"]}}],"collection":[{"href":"https:\/\/ambsansalvador.esteri.it\/it\/wp-json\/wp\/v2\/pages"}],"about":[{"href":"https:\/\/ambsansalvador.esteri.it\/it\/wp-json\/wp\/v2\/types\/page"}],"author":[{"embeddable":true,"href":"https:\/\/ambsansalvador.esteri.it\/it\/wp-json\/wp\/v2\/users\/1"}],"replies":[{"embeddable":true,"href":"https:\/\/ambsansalvador.esteri.it\/it\/wp-json\/wp\/v2\/comments?post=88"}],"version-history":[{"count":6,"href":"https:\/\/ambsansalvador.esteri.it\/it\/wp-json\/wp\/v2\/pages\/88\/revisions"}],"predecessor-version":[{"id":3383,"href":"https:\/\/ambsansalvador.esteri.it\/it\/wp-json\/wp\/v2\/pages\/88\/revisions\/3383"}],"up":[{"embeddable":true,"href":"https:\/\/ambsansalvador.esteri.it\/it\/wp-json\/wp\/v2\/pages\/86"}],"wp:attachment":[{"href":"https:\/\/ambsansalvador.esteri.it\/it\/wp-json\/wp\/v2\/media?parent=88"}],"curies":[{"name":"wp","href":"https:\/\/api.w.org\/{rel}","templated":true}]}}